{"id":1008,"date":"2024-04-19T15:11:45","date_gmt":"2024-04-19T18:11:45","guid":{"rendered":"https:\/\/casamouraacabamentos.com.br\/?post_type=product&#038;p=1008"},"modified":"2024-10-24T16:41:36","modified_gmt":"2024-10-24T19:41:36","slug":"assento-plastico-mundial-areia-amanco","status":"publish","type":"product","link":"https:\/\/casamouraacabamentos.com.br\/index.php\/produto\/assento-plastico-mundial-areia-amanco\/","title":{"rendered":"ASSENTO PLASTICO MUNDIAL AREIA AMANCO"},"content":{"rendered":"<p>A linha Amanco de Assentos Sanit\u00e1rios garante higiene, conforto e estilo para o seu ambiente. Os assentos dessa linha s\u00e3o compat\u00edveis com as principais bacias oval .<\/p>\n<p>Possui encaixe ajust\u00e1vel com engate r\u00e1pido, f\u00e1cil, confort\u00e1vel e pr\u00e1tico.\u00a0Os assentos sanit\u00e1rio Amanco possuem um design arrojado, moderno e um acabamento em alto brilho.<\/p>\n<p>Assento sanit\u00e1rio cor areia.<\/p>\n<p><strong>Consultar condi\u00e7\u00f5es valor parcelado.<\/strong><\/p>\n<section class=\"related products\"><\/section>\n<h6>IMAGENS ILUSTRATIVAS<\/h6>\n","protected":false},"excerpt":{"rendered":"<p>A linha Amanco de Assentos Sanit\u00e1rios garante higiene, conforto e estilo para o seu ambiente. Os assentos dessa linha s\u00e3o&hellip;<\/p>\n","protected":false},"featured_media":1012,"template":"","meta":[],"product_cat":[45],"product_tag":[],"_links":{"self":[{"href":"https:\/\/casamouraacabamentos.com.br\/index.php\/wp-json\/wp\/v2\/product\/1008"}],"collection":[{"href":"https:\/\/casamouraacabamentos.com.br\/index.php\/wp-json\/wp\/v2\/product"}],"about":[{"href":"https:\/\/casamouraacabamentos.com.br\/index.php\/wp-json\/wp\/v2\/types\/product"}],"wp:featuredmedia":[{"embeddable":true,"href":"https:\/\/casamouraacabamentos.com.br\/index.php\/wp-json\/wp\/v2\/media\/1012"}],"wp:attachment":[{"href":"https:\/\/casamouraacabamentos.com.br\/index.php\/wp-json\/wp\/v2\/media?parent=1008"}],"wp:term":[{"taxonomy":"product_cat","embeddable":true,"href":"https:\/\/casamouraacabamentos.com.br\/index.php\/wp-json\/wp\/v2\/product_cat?post=1008"},{"taxonomy":"product_tag","embeddable":true,"href":"https:\/\/casamouraacabamentos.com.br\/index.php\/wp-json\/wp\/v2\/product_tag?post=1008"}],"curies":[{"name":"wp","href":"https:\/\/api.w.org\/{rel}","templated":true}]}}