{"id":1016,"date":"2024-04-19T15:46:55","date_gmt":"2024-04-19T18:46:55","guid":{"rendered":"https:\/\/casamouraacabamentos.com.br\/?post_type=product&#038;p=1016"},"modified":"2024-12-27T09:19:03","modified_gmt":"2024-12-27T12:19:03","slug":"peneira-aro-madeira-55-areia-arroz","status":"publish","type":"product","link":"https:\/\/casamouraacabamentos.com.br\/index.php\/produto\/peneira-aro-madeira-55-areia-arroz\/","title":{"rendered":"PENEIRA ARO MADEIRA 55 AREIA \/ ARROZ"},"content":{"rendered":"<p>A Peneira Redonda com aro de 55cm \u00e9 ideal na agricultura para peneira\u00e7\u00e3o dos gr\u00e3os e tamb\u00e9m na constru\u00e7\u00e3o civil, para peneira\u00e7\u00e3o de areia. Com uma estrutura em Madeira, a ferramenta garante robustez para refinar areia e gr\u00e3os de tamanho do Arroz<\/p>\n<p><strong>Consultar condi\u00e7\u00f5es valor parcelado.<\/strong><\/p>\n<section class=\"related products\"><\/section>\n<h6>IMAGENS ILUSTRATIVAS<\/h6>\n","protected":false},"excerpt":{"rendered":"<p>A Peneira Redonda com aro de 55cm \u00e9 ideal na agricultura para peneira\u00e7\u00e3o dos gr\u00e3os e tamb\u00e9m na constru\u00e7\u00e3o civil,&hellip;<\/p>\n","protected":false},"featured_media":1017,"template":"","meta":[],"product_cat":[46],"product_tag":[],"_links":{"self":[{"href":"https:\/\/casamouraacabamentos.com.br\/index.php\/wp-json\/wp\/v2\/product\/1016"}],"collection":[{"href":"https:\/\/casamouraacabamentos.com.br\/index.php\/wp-json\/wp\/v2\/product"}],"about":[{"href":"https:\/\/casamouraacabamentos.com.br\/index.php\/wp-json\/wp\/v2\/types\/product"}],"wp:featuredmedia":[{"embeddable":true,"href":"https:\/\/casamouraacabamentos.com.br\/index.php\/wp-json\/wp\/v2\/media\/1017"}],"wp:attachment":[{"href":"https:\/\/casamouraacabamentos.com.br\/index.php\/wp-json\/wp\/v2\/media?parent=1016"}],"wp:term":[{"taxonomy":"product_cat","embeddable":true,"href":"https:\/\/casamouraacabamentos.com.br\/index.php\/wp-json\/wp\/v2\/product_cat?post=1016"},{"taxonomy":"product_tag","embeddable":true,"href":"https:\/\/casamouraacabamentos.com.br\/index.php\/wp-json\/wp\/v2\/product_tag?post=1016"}],"curies":[{"name":"wp","href":"https:\/\/api.w.org\/{rel}","templated":true}]}}