{"id":1018,"date":"2024-04-19T15:52:58","date_gmt":"2024-04-19T18:52:58","guid":{"rendered":"https:\/\/casamouraacabamentos.com.br\/?post_type=product&#038;p=1018"},"modified":"2024-12-27T09:18:56","modified_gmt":"2024-12-27T12:18:56","slug":"peneira-aro-madeira-55-cafe","status":"publish","type":"product","link":"https:\/\/casamouraacabamentos.com.br\/index.php\/produto\/peneira-aro-madeira-55-cafe\/","title":{"rendered":"PENEIRA ARO MADEIRA 55 CAFE"},"content":{"rendered":"<div class=\"elementor-element elementor-element-83e005f elementor-widget elementor-widget-theme-post-title elementor-page-title elementor-widget-heading\" data-id=\"83e005f\" data-element_type=\"widget\" data-widget_type=\"theme-post-title.default\">\n<div class=\"elementor-widget-container\">\n<h5 class=\"elementor-heading-title elementor-size-default\">PENEIRA REDONDA CAF\u00c9 ARO 55cm<\/h5>\n<\/div>\n<\/div>\n<div class=\"elementor-element elementor-element-8a22866 elementor-widget elementor-widget-jet-listing-dynamic-field\" data-id=\"8a22866\" data-element_type=\"widget\" data-widget_type=\"jet-listing-dynamic-field.default\">\n<div class=\"elementor-widget-container\">\n<div class=\"jet-listing jet-listing-dynamic-field display-inline\">\n<div class=\"jet-listing-dynamic-field__inline-wrap\">\n<div class=\"jet-listing-dynamic-field__content\"><strong>Indica\u00e7\u00f5es de uso:<\/strong><\/div>\n<\/div>\n<\/div>\n<\/div>\n<\/div>\n<div class=\"elementor-element elementor-element-b6e4065 elementor-widget elementor-widget-jet-listing-dynamic-field\" data-id=\"b6e4065\" data-element_type=\"widget\" data-widget_type=\"jet-listing-dynamic-field.default\">\n<div class=\"elementor-widget-container\">\n<div class=\"jet-listing jet-listing-dynamic-field display-inline\">\n<div class=\"jet-listing-dynamic-field__inline-wrap\">\n<div class=\"jet-listing-dynamic-field__content\">Utilizadas na agricultura para peneira\u00e7\u00e3o dos gr\u00e3os e tamb\u00e9m na constru\u00e7\u00e3o civil, para peneira\u00e7\u00e3o de areia.<\/div>\n<\/div>\n<div>\n<p><strong>Consultar condi\u00e7\u00f5es valor parcelado.<\/strong><\/p>\n<section class=\"related products\"><\/section>\n<h6>IMAGENS ILUSTRATIVAS<\/h6>\n<\/div>\n<\/div>\n<\/div>\n<\/div>\n","protected":false},"excerpt":{"rendered":"<p>PENEIRA REDONDA CAF\u00c9 ARO 55cm Indica\u00e7\u00f5es de uso: Utilizadas na agricultura para peneira\u00e7\u00e3o dos gr\u00e3os e tamb\u00e9m na constru\u00e7\u00e3o civil,&hellip;<\/p>\n","protected":false},"featured_media":1019,"template":"","meta":[],"product_cat":[46],"product_tag":[],"_links":{"self":[{"href":"https:\/\/casamouraacabamentos.com.br\/index.php\/wp-json\/wp\/v2\/product\/1018"}],"collection":[{"href":"https:\/\/casamouraacabamentos.com.br\/index.php\/wp-json\/wp\/v2\/product"}],"about":[{"href":"https:\/\/casamouraacabamentos.com.br\/index.php\/wp-json\/wp\/v2\/types\/product"}],"wp:featuredmedia":[{"embeddable":true,"href":"https:\/\/casamouraacabamentos.com.br\/index.php\/wp-json\/wp\/v2\/media\/1019"}],"wp:attachment":[{"href":"https:\/\/casamouraacabamentos.com.br\/index.php\/wp-json\/wp\/v2\/media?parent=1018"}],"wp:term":[{"taxonomy":"product_cat","embeddable":true,"href":"https:\/\/casamouraacabamentos.com.br\/index.php\/wp-json\/wp\/v2\/product_cat?post=1018"},{"taxonomy":"product_tag","embeddable":true,"href":"https:\/\/casamouraacabamentos.com.br\/index.php\/wp-json\/wp\/v2\/product_tag?post=1018"}],"curies":[{"name":"wp","href":"https:\/\/api.w.org\/{rel}","templated":true}]}}