{"id":1023,"date":"2024-04-19T16:13:39","date_gmt":"2024-04-19T19:13:39","guid":{"rendered":"https:\/\/casamouraacabamentos.com.br\/?post_type=product&#038;p=1023"},"modified":"2024-12-27T09:18:42","modified_gmt":"2024-12-27T12:18:42","slug":"peneira-aro-madeira-55-feijao","status":"publish","type":"product","link":"https:\/\/casamouraacabamentos.com.br\/index.php\/produto\/peneira-aro-madeira-55-feijao\/","title":{"rendered":"PENEIRA ARO MADEIRA 55 FEIJAO"},"content":{"rendered":"<p>\u00c9 utilizada na agricultura para colheita do caf\u00e9, mamona, feij\u00e3o e arroz, uso dom\u00e9stico e na constru\u00e7\u00e3o civil para peneirar barro, areia, cal, etc.<\/p>\n<p><strong>Consultar condi\u00e7\u00f5es valor parcelado.<\/strong><\/p>\n<section class=\"related products\"><\/section>\n<h6>IMAGENS ILUSTRATIVAS<\/h6>\n","protected":false},"excerpt":{"rendered":"<p>\u00c9 utilizada na agricultura para colheita do caf\u00e9, mamona, feij\u00e3o e arroz, uso dom\u00e9stico e na constru\u00e7\u00e3o civil para peneirar&hellip;<\/p>\n","protected":false},"featured_media":1024,"template":"","meta":[],"product_cat":[46],"product_tag":[],"_links":{"self":[{"href":"https:\/\/casamouraacabamentos.com.br\/index.php\/wp-json\/wp\/v2\/product\/1023"}],"collection":[{"href":"https:\/\/casamouraacabamentos.com.br\/index.php\/wp-json\/wp\/v2\/product"}],"about":[{"href":"https:\/\/casamouraacabamentos.com.br\/index.php\/wp-json\/wp\/v2\/types\/product"}],"wp:featuredmedia":[{"embeddable":true,"href":"https:\/\/casamouraacabamentos.com.br\/index.php\/wp-json\/wp\/v2\/media\/1024"}],"wp:attachment":[{"href":"https:\/\/casamouraacabamentos.com.br\/index.php\/wp-json\/wp\/v2\/media?parent=1023"}],"wp:term":[{"taxonomy":"product_cat","embeddable":true,"href":"https:\/\/casamouraacabamentos.com.br\/index.php\/wp-json\/wp\/v2\/product_cat?post=1023"},{"taxonomy":"product_tag","embeddable":true,"href":"https:\/\/casamouraacabamentos.com.br\/index.php\/wp-json\/wp\/v2\/product_tag?post=1023"}],"curies":[{"name":"wp","href":"https:\/\/api.w.org\/{rel}","templated":true}]}}