{"id":1102,"date":"2024-05-06T15:28:30","date_gmt":"2024-05-06T18:28:30","guid":{"rendered":"https:\/\/casamouraacabamentos.com.br\/?post_type=product&#038;p=1102"},"modified":"2024-12-27T09:15:05","modified_gmt":"2024-12-27T12:15:05","slug":"te-reducao-solda-28x22mm-latao","status":"publish","type":"product","link":"https:\/\/casamouraacabamentos.com.br\/index.php\/produto\/te-reducao-solda-28x22mm-latao\/","title":{"rendered":"TE REDU\u00c7\u00c3O SOLDA 28X22MM LAT\u00c3O"},"content":{"rendered":"<p>Conex\u00f5es produzidas em liga de cobre, obedecendo as especifica\u00e7\u00f5es t\u00e9cnicas da norma NBR<br \/>\n11720. Indicados para instala\u00e7\u00f5es hidr\u00e1ulicas, g\u00e1s e refrigera\u00e7\u00e3o.<\/p>\n<p><strong>Consultar condi\u00e7\u00f5es valor parcelado.<\/strong><\/p>\n<section class=\"related products\"><\/section>\n<h6>IMAGENS ILUSTRATIVAS<\/h6>\n","protected":false},"excerpt":{"rendered":"<p>Conex\u00f5es produzidas em liga de cobre, obedecendo as especifica\u00e7\u00f5es t\u00e9cnicas da norma NBR 11720. Indicados para instala\u00e7\u00f5es hidr\u00e1ulicas, g\u00e1s e&hellip;<\/p>\n","protected":false},"featured_media":1103,"template":"","meta":[],"product_cat":[20],"product_tag":[],"_links":{"self":[{"href":"https:\/\/casamouraacabamentos.com.br\/index.php\/wp-json\/wp\/v2\/product\/1102"}],"collection":[{"href":"https:\/\/casamouraacabamentos.com.br\/index.php\/wp-json\/wp\/v2\/product"}],"about":[{"href":"https:\/\/casamouraacabamentos.com.br\/index.php\/wp-json\/wp\/v2\/types\/product"}],"wp:featuredmedia":[{"embeddable":true,"href":"https:\/\/casamouraacabamentos.com.br\/index.php\/wp-json\/wp\/v2\/media\/1103"}],"wp:attachment":[{"href":"https:\/\/casamouraacabamentos.com.br\/index.php\/wp-json\/wp\/v2\/media?parent=1102"}],"wp:term":[{"taxonomy":"product_cat","embeddable":true,"href":"https:\/\/casamouraacabamentos.com.br\/index.php\/wp-json\/wp\/v2\/product_cat?post=1102"},{"taxonomy":"product_tag","embeddable":true,"href":"https:\/\/casamouraacabamentos.com.br\/index.php\/wp-json\/wp\/v2\/product_tag?post=1102"}],"curies":[{"name":"wp","href":"https:\/\/api.w.org\/{rel}","templated":true}]}}