{"id":1147,"date":"2024-05-06T16:26:48","date_gmt":"2024-05-06T19:26:48","guid":{"rendered":"https:\/\/casamouraacabamentos.com.br\/?post_type=product&#038;p=1147"},"modified":"2024-07-24T09:01:53","modified_gmt":"2024-07-24T12:01:53","slug":"cotovelo-solda-90x22mm-latao","status":"publish","type":"product","link":"https:\/\/casamouraacabamentos.com.br\/index.php\/produto\/cotovelo-solda-90x22mm-latao\/","title":{"rendered":"COTOVELO SOLDA 90X22MM LAT\u00c3O"},"content":{"rendered":"<p>Conex\u00f5es produzidas em liga de cobre, obedecendo as especifica\u00e7\u00f5es t\u00e9cnicas da norma NBR<br \/>\n11720. Indicados para instala\u00e7\u00f5es hidr\u00e1ulicas, g\u00e1s e refrigera\u00e7\u00e3o.<\/p>\n<p><strong>Consultar condi\u00e7\u00f5es e pre\u00e7o nos canais de atendimento\u00a0<\/strong><\/p>\n<p>IMAGENS ILUSTRATIVAS<\/p>\n","protected":false},"excerpt":{"rendered":"<p>Conex\u00f5es produzidas em liga de cobre, obedecendo as especifica\u00e7\u00f5es t\u00e9cnicas da norma NBR 11720. Indicados para instala\u00e7\u00f5es hidr\u00e1ulicas, g\u00e1s e&hellip;<\/p>\n","protected":false},"featured_media":1145,"template":"","meta":[],"product_cat":[20],"product_tag":[],"_links":{"self":[{"href":"https:\/\/casamouraacabamentos.com.br\/index.php\/wp-json\/wp\/v2\/product\/1147"}],"collection":[{"href":"https:\/\/casamouraacabamentos.com.br\/index.php\/wp-json\/wp\/v2\/product"}],"about":[{"href":"https:\/\/casamouraacabamentos.com.br\/index.php\/wp-json\/wp\/v2\/types\/product"}],"wp:featuredmedia":[{"embeddable":true,"href":"https:\/\/casamouraacabamentos.com.br\/index.php\/wp-json\/wp\/v2\/media\/1145"}],"wp:attachment":[{"href":"https:\/\/casamouraacabamentos.com.br\/index.php\/wp-json\/wp\/v2\/media?parent=1147"}],"wp:term":[{"taxonomy":"product_cat","embeddable":true,"href":"https:\/\/casamouraacabamentos.com.br\/index.php\/wp-json\/wp\/v2\/product_cat?post=1147"},{"taxonomy":"product_tag","embeddable":true,"href":"https:\/\/casamouraacabamentos.com.br\/index.php\/wp-json\/wp\/v2\/product_tag?post=1147"}],"curies":[{"name":"wp","href":"https:\/\/api.w.org\/{rel}","templated":true}]}}