{"id":1165,"date":"2024-05-07T15:06:26","date_gmt":"2024-05-07T18:06:26","guid":{"rendered":"https:\/\/casamouraacabamentos.com.br\/?post_type=product&#038;p=1165"},"modified":"2024-10-24T16:33:15","modified_gmt":"2024-10-24T19:33:15","slug":"quartzolit-rejunte-ceramicas-5kg-cores","status":"publish","type":"product","link":"https:\/\/casamouraacabamentos.com.br\/index.php\/produto\/quartzolit-rejunte-ceramicas-5kg-cores\/","title":{"rendered":"QUARTZOLIT REJUNTE CERAMICAS 5KG CORES"},"content":{"rendered":"<h2>REJUNTE CERAMICAS 5KG<\/h2>\n<h5>ARGILA<\/h5>\n<h5>BEGE<\/h5>\n<h5>BRANCO<\/h5>\n<h5>CORDA<\/h5>\n<h5>CORTICA<\/h5>\n<h5>CINZA ARTICO<\/h5>\n<h5>CINZA OUTONO<\/h5>\n<h5>CINZA PLATINA<\/h5>\n<h5>MARROM CAFE<\/h5>\n<h5>PRETO GRAFITE<\/h5>\n<p><strong>Consultar condi\u00e7\u00f5es e pre\u00e7o nos canais de atendimento\u00a0<\/strong><\/p>\n","protected":false},"excerpt":{"rendered":"<p>REJUNTE CERAMICAS 5KG ARGILA BEGE BRANCO CORDA CORTICA CINZA ARTICO CINZA OUTONO CINZA PLATINA MARROM CAFE PRETO GRAFITE Consultar condi\u00e7\u00f5es&hellip;<\/p>\n","protected":false},"featured_media":1167,"template":"","meta":[],"product_cat":[48],"product_tag":[],"_links":{"self":[{"href":"https:\/\/casamouraacabamentos.com.br\/index.php\/wp-json\/wp\/v2\/product\/1165"}],"collection":[{"href":"https:\/\/casamouraacabamentos.com.br\/index.php\/wp-json\/wp\/v2\/product"}],"about":[{"href":"https:\/\/casamouraacabamentos.com.br\/index.php\/wp-json\/wp\/v2\/types\/product"}],"wp:featuredmedia":[{"embeddable":true,"href":"https:\/\/casamouraacabamentos.com.br\/index.php\/wp-json\/wp\/v2\/media\/1167"}],"wp:attachment":[{"href":"https:\/\/casamouraacabamentos.com.br\/index.php\/wp-json\/wp\/v2\/media?parent=1165"}],"wp:term":[{"taxonomy":"product_cat","embeddable":true,"href":"https:\/\/casamouraacabamentos.com.br\/index.php\/wp-json\/wp\/v2\/product_cat?post=1165"},{"taxonomy":"product_tag","embeddable":true,"href":"https:\/\/casamouraacabamentos.com.br\/index.php\/wp-json\/wp\/v2\/product_tag?post=1165"}],"curies":[{"name":"wp","href":"https:\/\/api.w.org\/{rel}","templated":true}]}}