{"id":340,"date":"2024-03-26T09:11:08","date_gmt":"2024-03-26T12:11:08","guid":{"rendered":"https:\/\/casamouraacabamentos.com.br\/?post_type=product&#038;p=340"},"modified":"2024-10-24T16:47:28","modified_gmt":"2024-10-24T19:47:28","slug":"bacia-ip92-00-luna-conv-medic-br-icasa","status":"publish","type":"product","link":"https:\/\/casamouraacabamentos.com.br\/index.php\/produto\/bacia-ip92-00-luna-conv-medic-br-icasa\/","title":{"rendered":"BACIA IP92 00 LUNA CONV MEDIC BR ICASA"},"content":{"rendered":"<h4>IP92 &#8211; Bacia convencional<\/h4>\n<p>Bacia Ecol\u00f3gica. Mais alta.<br \/>\nRecomendada para hospitais, cl\u00ednicas e resid\u00eancias nas quais o usu\u00e1rio necessita de aux\u00edlio de terceiros para higienizar-se.<\/p>\n<p>&nbsp;<\/p>\n<p>Consultar condi\u00e7\u00f5es valor parcelado.<\/p>\n","protected":false},"excerpt":{"rendered":"<p>IP92 &#8211; Bacia convencional Bacia Ecol\u00f3gica. Mais alta. Recomendada para hospitais, cl\u00ednicas e resid\u00eancias nas quais o usu\u00e1rio necessita de&hellip;<\/p>\n","protected":false},"featured_media":341,"template":"","meta":[],"product_cat":[18],"product_tag":[],"_links":{"self":[{"href":"https:\/\/casamouraacabamentos.com.br\/index.php\/wp-json\/wp\/v2\/product\/340"}],"collection":[{"href":"https:\/\/casamouraacabamentos.com.br\/index.php\/wp-json\/wp\/v2\/product"}],"about":[{"href":"https:\/\/casamouraacabamentos.com.br\/index.php\/wp-json\/wp\/v2\/types\/product"}],"wp:featuredmedia":[{"embeddable":true,"href":"https:\/\/casamouraacabamentos.com.br\/index.php\/wp-json\/wp\/v2\/media\/341"}],"wp:attachment":[{"href":"https:\/\/casamouraacabamentos.com.br\/index.php\/wp-json\/wp\/v2\/media?parent=340"}],"wp:term":[{"taxonomy":"product_cat","embeddable":true,"href":"https:\/\/casamouraacabamentos.com.br\/index.php\/wp-json\/wp\/v2\/product_cat?post=340"},{"taxonomy":"product_tag","embeddable":true,"href":"https:\/\/casamouraacabamentos.com.br\/index.php\/wp-json\/wp\/v2\/product_tag?post=340"}],"curies":[{"name":"wp","href":"https:\/\/api.w.org\/{rel}","templated":true}]}}