{"id":358,"date":"2024-03-26T10:56:55","date_gmt":"2024-03-26T13:56:55","guid":{"rendered":"https:\/\/casamouraacabamentos.com.br\/?post_type=product&#038;p=358"},"modified":"2024-12-27T09:47:17","modified_gmt":"2024-12-27T12:47:17","slug":"cuba-ica2-00-apoio-retang-40x47cm-icasa","status":"publish","type":"product","link":"https:\/\/casamouraacabamentos.com.br\/index.php\/produto\/cuba-ica2-00-apoio-retang-40x47cm-icasa\/","title":{"rendered":"CUBA ICA2 00 APOIO RETANG 40X47CM ICASA"},"content":{"rendered":"<h4>ICA2 &#8211; Cuba de Apoio Retangular<\/h4>\n<p>Furo central para torneira vem pronto de f\u00e1brica.<\/p>\n<p>&nbsp;<\/p>\n<p>&nbsp;<\/p>\n<p>Consultar condi\u00e7\u00f5es valor parcelado.<\/p>\n","protected":false},"excerpt":{"rendered":"<p>ICA2 &#8211; Cuba de Apoio Retangular Furo central para torneira vem pronto de f\u00e1brica. &nbsp; &nbsp; Consultar condi\u00e7\u00f5es valor parcelado.<\/p>\n","protected":false},"featured_media":360,"template":"","meta":[],"product_cat":[23],"product_tag":[],"_links":{"self":[{"href":"https:\/\/casamouraacabamentos.com.br\/index.php\/wp-json\/wp\/v2\/product\/358"}],"collection":[{"href":"https:\/\/casamouraacabamentos.com.br\/index.php\/wp-json\/wp\/v2\/product"}],"about":[{"href":"https:\/\/casamouraacabamentos.com.br\/index.php\/wp-json\/wp\/v2\/types\/product"}],"wp:featuredmedia":[{"embeddable":true,"href":"https:\/\/casamouraacabamentos.com.br\/index.php\/wp-json\/wp\/v2\/media\/360"}],"wp:attachment":[{"href":"https:\/\/casamouraacabamentos.com.br\/index.php\/wp-json\/wp\/v2\/media?parent=358"}],"wp:term":[{"taxonomy":"product_cat","embeddable":true,"href":"https:\/\/casamouraacabamentos.com.br\/index.php\/wp-json\/wp\/v2\/product_cat?post=358"},{"taxonomy":"product_tag","embeddable":true,"href":"https:\/\/casamouraacabamentos.com.br\/index.php\/wp-json\/wp\/v2\/product_tag?post=358"}],"curies":[{"name":"wp","href":"https:\/\/api.w.org\/{rel}","templated":true}]}}