{"id":361,"date":"2024-03-26T11:10:17","date_gmt":"2024-03-26T14:10:17","guid":{"rendered":"https:\/\/casamouraacabamentos.com.br\/?post_type=product&#038;p=361"},"modified":"2024-12-27T09:47:12","modified_gmt":"2024-12-27T12:47:12","slug":"cuba-ica5-00-semiencaixe-42x43cm-icasa","status":"publish","type":"product","link":"https:\/\/casamouraacabamentos.com.br\/index.php\/produto\/cuba-ica5-00-semiencaixe-42x43cm-icasa\/","title":{"rendered":"CUBA ICA5 00 SEMIENCAIXE 42X43CM ICASA"},"content":{"rendered":"<h4>ICA5 &#8211; Cuba de Semiencaixe<\/h4>\n<p>Furo central para torneira vem pronto de f\u00e1brica.<\/p>\n<p>&nbsp;<\/p>\n<p>&nbsp;<\/p>\n<p>Consultar condi\u00e7\u00f5es valor parcelado.<\/p>\n","protected":false},"excerpt":{"rendered":"<p>ICA5 &#8211; Cuba de Semiencaixe Furo central para torneira vem pronto de f\u00e1brica. &nbsp; &nbsp; Consultar condi\u00e7\u00f5es valor parcelado.<\/p>\n","protected":false},"featured_media":362,"template":"","meta":[],"product_cat":[18],"product_tag":[],"_links":{"self":[{"href":"https:\/\/casamouraacabamentos.com.br\/index.php\/wp-json\/wp\/v2\/product\/361"}],"collection":[{"href":"https:\/\/casamouraacabamentos.com.br\/index.php\/wp-json\/wp\/v2\/product"}],"about":[{"href":"https:\/\/casamouraacabamentos.com.br\/index.php\/wp-json\/wp\/v2\/types\/product"}],"wp:featuredmedia":[{"embeddable":true,"href":"https:\/\/casamouraacabamentos.com.br\/index.php\/wp-json\/wp\/v2\/media\/362"}],"wp:attachment":[{"href":"https:\/\/casamouraacabamentos.com.br\/index.php\/wp-json\/wp\/v2\/media?parent=361"}],"wp:term":[{"taxonomy":"product_cat","embeddable":true,"href":"https:\/\/casamouraacabamentos.com.br\/index.php\/wp-json\/wp\/v2\/product_cat?post=361"},{"taxonomy":"product_tag","embeddable":true,"href":"https:\/\/casamouraacabamentos.com.br\/index.php\/wp-json\/wp\/v2\/product_tag?post=361"}],"curies":[{"name":"wp","href":"https:\/\/api.w.org\/{rel}","templated":true}]}}