{"id":391,"date":"2024-03-26T15:50:59","date_gmt":"2024-03-26T18:50:59","guid":{"rendered":"https:\/\/casamouraacabamentos.com.br\/?post_type=product&#038;p=391"},"modified":"2024-12-27T09:45:59","modified_gmt":"2024-12-27T12:45:59","slug":"conjunto-lavatorio-etna-suspensa-icasa","status":"publish","type":"product","link":"https:\/\/casamouraacabamentos.com.br\/index.php\/produto\/conjunto-lavatorio-etna-suspensa-icasa\/","title":{"rendered":"CONJUNTO LAVAT\u00d3RIO ETNA SUSPENSA ICASA"},"content":{"rendered":"<p>IL2- Lavat\u00f3rio<br \/>\nIC51 &#8211; Coluna Suspensa<\/p>\n<p>&nbsp;<\/p>\n<p><strong>Consultar condi\u00e7\u00f5es no parcelado.<\/strong><\/p>\n","protected":false},"excerpt":{"rendered":"<p>IL2- Lavat\u00f3rio IC51 &#8211; Coluna Suspensa &nbsp; Consultar condi\u00e7\u00f5es no parcelado.<\/p>\n","protected":false},"featured_media":392,"template":"","meta":[],"product_cat":[23],"product_tag":[],"_links":{"self":[{"href":"https:\/\/casamouraacabamentos.com.br\/index.php\/wp-json\/wp\/v2\/product\/391"}],"collection":[{"href":"https:\/\/casamouraacabamentos.com.br\/index.php\/wp-json\/wp\/v2\/product"}],"about":[{"href":"https:\/\/casamouraacabamentos.com.br\/index.php\/wp-json\/wp\/v2\/types\/product"}],"wp:featuredmedia":[{"embeddable":true,"href":"https:\/\/casamouraacabamentos.com.br\/index.php\/wp-json\/wp\/v2\/media\/392"}],"wp:attachment":[{"href":"https:\/\/casamouraacabamentos.com.br\/index.php\/wp-json\/wp\/v2\/media?parent=391"}],"wp:term":[{"taxonomy":"product_cat","embeddable":true,"href":"https:\/\/casamouraacabamentos.com.br\/index.php\/wp-json\/wp\/v2\/product_cat?post=391"},{"taxonomy":"product_tag","embeddable":true,"href":"https:\/\/casamouraacabamentos.com.br\/index.php\/wp-json\/wp\/v2\/product_tag?post=391"}],"curies":[{"name":"wp","href":"https:\/\/api.w.org\/{rel}","templated":true}]}}