{"id":400,"date":"2024-03-26T16:11:45","date_gmt":"2024-03-26T19:11:45","guid":{"rendered":"https:\/\/casamouraacabamentos.com.br\/?post_type=product&#038;p=400"},"modified":"2024-12-27T09:45:37","modified_gmt":"2024-12-27T12:45:37","slug":"conjunto-tanque-icasa","status":"publish","type":"product","link":"https:\/\/casamouraacabamentos.com.br\/index.php\/produto\/conjunto-tanque-icasa\/","title":{"rendered":"CONJUNTO TANQUE ICASA"},"content":{"rendered":"<h4>IT2 &#8211; Tanque<\/h4>\n<p>Volume \u00fatil at\u00e9 o n\u00edvel do batedouro 16 litros. Cheio: 27 litros.<\/p>\n<h4>IC2 &#8211; Coluna<\/h4>\n<p>V\u00e1lvula de escoamento para tanque utilizar 1 1\/4&#8243;<\/p>\n<p>&nbsp;<\/p>\n<p>&nbsp;<\/p>\n<p>&nbsp;<\/p>\n<p><strong>Consultar condi\u00e7\u00f5es no parcelado.<\/strong><\/p>\n","protected":false},"excerpt":{"rendered":"<p>IT2 &#8211; Tanque Volume \u00fatil at\u00e9 o n\u00edvel do batedouro 16 litros. Cheio: 27 litros. IC2 &#8211; Coluna V\u00e1lvula de&hellip;<\/p>\n","protected":false},"featured_media":401,"template":"","meta":[],"product_cat":[23],"product_tag":[],"_links":{"self":[{"href":"https:\/\/casamouraacabamentos.com.br\/index.php\/wp-json\/wp\/v2\/product\/400"}],"collection":[{"href":"https:\/\/casamouraacabamentos.com.br\/index.php\/wp-json\/wp\/v2\/product"}],"about":[{"href":"https:\/\/casamouraacabamentos.com.br\/index.php\/wp-json\/wp\/v2\/types\/product"}],"wp:featuredmedia":[{"embeddable":true,"href":"https:\/\/casamouraacabamentos.com.br\/index.php\/wp-json\/wp\/v2\/media\/401"}],"wp:attachment":[{"href":"https:\/\/casamouraacabamentos.com.br\/index.php\/wp-json\/wp\/v2\/media?parent=400"}],"wp:term":[{"taxonomy":"product_cat","embeddable":true,"href":"https:\/\/casamouraacabamentos.com.br\/index.php\/wp-json\/wp\/v2\/product_cat?post=400"},{"taxonomy":"product_tag","embeddable":true,"href":"https:\/\/casamouraacabamentos.com.br\/index.php\/wp-json\/wp\/v2\/product_tag?post=400"}],"curies":[{"name":"wp","href":"https:\/\/api.w.org\/{rel}","templated":true}]}}