{"id":403,"date":"2024-03-26T16:20:54","date_gmt":"2024-03-26T19:20:54","guid":{"rendered":"https:\/\/casamouraacabamentos.com.br\/?post_type=product&#038;p=403"},"modified":"2024-10-24T16:40:10","modified_gmt":"2024-10-24T19:40:10","slug":"argamassa-cozinha-e-banheiro-20kg-fassa-bortolo","status":"publish","type":"product","link":"https:\/\/casamouraacabamentos.com.br\/index.php\/produto\/argamassa-cozinha-e-banheiro-20kg-fassa-bortolo\/","title":{"rendered":"ARGAMASSA COZINHA E BANHEIRO 20KG FASSA BORTOLO"},"content":{"rendered":"<div class=\"product-descrizione-wrapper product-item-wrapper\">\n<div class=\"product-descrizione\">\n<p>Argamassa colante para cer\u00e2micas em \u00e1reas internas. Cor: Cinza<\/p>\n<\/div>\n<\/div>\n<div class=\"product-impiego-wrapper product-item-wrapper\">\n<div class=\"product-label\">\n<h3>Utiliza\u00e7\u00e3o<\/h3>\n<\/div>\n<div class=\"product-impiego\">\n<p>FASSA.COLA COZINHAS E BANHEIROS \u00e9 utilizada para o assentamento de:<\/p>\n<p>Cer\u00e2micas de m\u00e9dia e alta absor\u00e7\u00e3o de \u00e1gua (&gt; 3%), com at\u00e9 80 x 80 cm em ambientes internos, tanto em pisos quanto em paredes<\/p>\n<p>Ideal para ambientes \u00famidos como banheiros, lavanderias e cozinhas<\/p>\n<p>N\u00e3o utilizar nos seguintes casos:<\/p>\n<p>Assentamento em ambientes com alto tr\u00e1fego de pedestres, com condi\u00e7\u00f5es severas (saunas, c\u00e2meras frigor\u00edficas, churrasqueiras, etc.) ou com presen\u00e7a constante de \u00e1gua<\/p>\n<p>Assentamento em ambientes externos<\/p>\n<p>Assentamento de cer\u00e2micas de grandes formatos<\/p>\n<p>Assentamento de cer\u00e2micas e porcelanatos com absor\u00e7\u00e3o de \u00e1gua \u2264 3%<\/p>\n<p>Sobreposi\u00e7\u00e3o em pisos existentes<\/p>\n<\/div>\n<\/div>\n<div class=\"product-fornitura-wrapper product-item-wrapper\">\n<div class=\"product-label\"><\/div>\n<div class=\"product-fornitura\">\n<p>&nbsp;<\/p>\n<p>&nbsp;<\/p>\n<\/div>\n<p><strong>Consultar condi\u00e7\u00f5es no parcelado.<\/strong><\/p>\n<\/div>\n","protected":false},"excerpt":{"rendered":"<p>Argamassa colante para cer\u00e2micas em \u00e1reas internas. Cor: Cinza Utiliza\u00e7\u00e3o FASSA.COLA COZINHAS E BANHEIROS \u00e9 utilizada para o assentamento de:&hellip;<\/p>\n","protected":false},"featured_media":404,"template":"","meta":[],"product_cat":[32],"product_tag":[],"_links":{"self":[{"href":"https:\/\/casamouraacabamentos.com.br\/index.php\/wp-json\/wp\/v2\/product\/403"}],"collection":[{"href":"https:\/\/casamouraacabamentos.com.br\/index.php\/wp-json\/wp\/v2\/product"}],"about":[{"href":"https:\/\/casamouraacabamentos.com.br\/index.php\/wp-json\/wp\/v2\/types\/product"}],"wp:featuredmedia":[{"embeddable":true,"href":"https:\/\/casamouraacabamentos.com.br\/index.php\/wp-json\/wp\/v2\/media\/404"}],"wp:attachment":[{"href":"https:\/\/casamouraacabamentos.com.br\/index.php\/wp-json\/wp\/v2\/media?parent=403"}],"wp:term":[{"taxonomy":"product_cat","embeddable":true,"href":"https:\/\/casamouraacabamentos.com.br\/index.php\/wp-json\/wp\/v2\/product_cat?post=403"},{"taxonomy":"product_tag","embeddable":true,"href":"https:\/\/casamouraacabamentos.com.br\/index.php\/wp-json\/wp\/v2\/product_tag?post=403"}],"curies":[{"name":"wp","href":"https:\/\/api.w.org\/{rel}","templated":true}]}}