{"id":405,"date":"2024-03-26T16:29:23","date_gmt":"2024-03-26T19:29:23","guid":{"rendered":"https:\/\/casamouraacabamentos.com.br\/?post_type=product&#038;p=405"},"modified":"2024-03-27T10:36:08","modified_gmt":"2024-03-27T13:36:08","slug":"argamassa-ac2-20kg-fassa-bortolo","status":"publish","type":"product","link":"https:\/\/casamouraacabamentos.com.br\/index.php\/produto\/argamassa-ac2-20kg-fassa-bortolo\/","title":{"rendered":"ARGAMASSA AC2 20KG FASSA BORTOLO"},"content":{"rendered":"<div class=\"product-descrizione-wrapper product-item-wrapper\">\n<div class=\"product-descrizione\">\n<p>Argamassa colante para cer\u00e2micas em \u00e1reas internas e externas. Cor: Cinza<\/p>\n<\/div>\n<\/div>\n<div class=\"product-impiego-wrapper product-item-wrapper\">\n<div class=\"product-label\">\n<h3>Utiliza\u00e7\u00e3o<\/h3>\n<\/div>\n<div class=\"product-impiego\">\n<p>FASSA.COLA EXTERIOR AC II \u00e9 utilizada para o assentamento de:<\/p>\n<p>Cer\u00e2micas de m\u00e9dia e alta absor\u00e7\u00e3o de \u00e1gua (&gt; 3%), com at\u00e9 120 x 120 cm em \u00e1reas internas e 80 x 80 cm em \u00e1reas externas, tanto em pisos quanto em paredes (exceto fachadas)<\/p>\n<p>Assentamento de pedra natural, m\u00e1rmore e granito de at\u00e9 80 x 80 cm, est\u00e1veis \u00e0 umidade e n\u00e3o sujeitos \u00e0 manchas, em ambientes internos<\/p>\n<p>Assentamento em ambientes com alto tr\u00e1fego de pedestres<\/p>\n<p>N\u00e3o utilizar nos seguintes casos:<\/p>\n<p>Assentamento em piscina.<\/p>\n<p>Assentamento em ambientes com condi\u00e7\u00f5es de uso particularmente severas (saunas, c\u00e2maras frigor\u00edficas, churrasqueiras, etc.)<\/p>\n<p>Assentamento de cer\u00e2micas com absor\u00e7\u00e3o de \u00e1gua \u2264 3%<\/p>\n<p>Sobreposi\u00e7\u00e3o em pisos existentes<\/p>\n<p>Assentamento em fachadas<\/p>\n<\/div>\n<\/div>\n<div class=\"product-fornitura-wrapper product-item-wrapper\">\n<div class=\"product-label\"><\/div>\n<div class=\"product-fornitura\">\n<p>&nbsp;<\/p>\n<\/div>\n<\/div>\n<p><strong>Consultar valor especial em nossa loja ou por nossos canais de atendimento.<\/strong><\/p>\n","protected":false},"excerpt":{"rendered":"<p>Argamassa colante para cer\u00e2micas em \u00e1reas internas e externas. Cor: Cinza Utiliza\u00e7\u00e3o FASSA.COLA EXTERIOR AC II \u00e9 utilizada para o&hellip;<\/p>\n","protected":false},"featured_media":406,"template":"","meta":[],"product_cat":[32],"product_tag":[],"_links":{"self":[{"href":"https:\/\/casamouraacabamentos.com.br\/index.php\/wp-json\/wp\/v2\/product\/405"}],"collection":[{"href":"https:\/\/casamouraacabamentos.com.br\/index.php\/wp-json\/wp\/v2\/product"}],"about":[{"href":"https:\/\/casamouraacabamentos.com.br\/index.php\/wp-json\/wp\/v2\/types\/product"}],"wp:featuredmedia":[{"embeddable":true,"href":"https:\/\/casamouraacabamentos.com.br\/index.php\/wp-json\/wp\/v2\/media\/406"}],"wp:attachment":[{"href":"https:\/\/casamouraacabamentos.com.br\/index.php\/wp-json\/wp\/v2\/media?parent=405"}],"wp:term":[{"taxonomy":"product_cat","embeddable":true,"href":"https:\/\/casamouraacabamentos.com.br\/index.php\/wp-json\/wp\/v2\/product_cat?post=405"},{"taxonomy":"product_tag","embeddable":true,"href":"https:\/\/casamouraacabamentos.com.br\/index.php\/wp-json\/wp\/v2\/product_tag?post=405"}],"curies":[{"name":"wp","href":"https:\/\/api.w.org\/{rel}","templated":true}]}}