{"id":407,"date":"2024-03-26T16:35:59","date_gmt":"2024-03-26T19:35:59","guid":{"rendered":"https:\/\/casamouraacabamentos.com.br\/?post_type=product&#038;p=407"},"modified":"2024-03-27T10:34:50","modified_gmt":"2024-03-27T13:34:50","slug":"argamassa-ac3-20kg-fassa-bortolo","status":"publish","type":"product","link":"https:\/\/casamouraacabamentos.com.br\/index.php\/produto\/argamassa-ac3-20kg-fassa-bortolo\/","title":{"rendered":"ARGAMASSA AC3 20KG FASSA BORTOLO"},"content":{"rendered":"<div class=\"product-descrizione-wrapper product-item-wrapper\">\n<div class=\"product-descrizione\">\n<p>Argamassa colante para cer\u00e2micas e porcelanatos em \u00e1reas internas e externas, inclusive fachadas. Cor: Cinza<\/p>\n<\/div>\n<\/div>\n<div class=\"product-impiego-wrapper product-item-wrapper\">\n<div class=\"product-label\">\n<h3>Utiliza\u00e7\u00e3o<\/h3>\n<\/div>\n<div class=\"product-impiego\">\n<p>FASSA.COLA FLEX\u00cdVEL EXTERIOR AC III \u00e9 utilizada para o assentamento de:<\/p>\n<p>Cer\u00e2micas e porcelanatos de at\u00e9 140 x 140 cm e pastilhas em ambientes internos e externos, tanto em pisos quanto em paredes (exceto fachadas); para assentamento em fachadas, cer\u00e2micas e porcelanatos com at\u00e9 60 x 60 cm<\/p>\n<p>Porcelanatos de baixa espessura, at\u00e9 5,5 mm<\/p>\n<p>Assentamento de pedra natural, m\u00e1rmore e granito est\u00e1veis \u00e0 umidade e n\u00e3o sujeitos \u00e0 manchas de at\u00e9 140 x 140 cm em \u00e1reas internas e 80 x 80 cm em \u00e1reas externas (exceto fachadas); para assentamento em fachadas, entre em contato com assist\u00eancia t\u00e9cnica Fassa<\/p>\n<p>Sobreposi\u00e7\u00e3o de pisos pr\u00e9-existentes, de cer\u00e2micas, porcelanatos de at\u00e9 100 x 100 cm, em ambientes internos e externos<\/p>\n<p>Assentamento de cer\u00e2micas em piscinas e saunas<\/p>\n<p>Assentamento em ambientes com alto tr\u00e1fego de pedestres<\/p>\n<p>Assentamento em piso com sistema de aquecimento no pavimento<\/p>\n<p>N\u00e3o utilizar nos seguintes casos:<\/p>\n<p>Assentamento de pedras naturais sens\u00edveis a umidade e manchas<\/p>\n<p>Assentamento em superf\u00edcies com elevadas temperaturas (acima de 70\u00b0C)<\/p>\n<\/div>\n<\/div>\n<div class=\"product-fornitura-wrapper product-item-wrapper\">\n<div class=\"product-label\"><\/div>\n<\/div>\n<p>&nbsp;<\/p>\n<p>&nbsp;<\/p>\n<div class=\"product-fornitura-wrapper product-item-wrapper\">\n<div class=\"product-fornitura\">\n<p><strong>Consultar valor especial em loja ou por nossos canais de atendimento.<\/strong><\/p>\n<\/div>\n<\/div>\n","protected":false},"excerpt":{"rendered":"<p>Argamassa colante para cer\u00e2micas e porcelanatos em \u00e1reas internas e externas, inclusive fachadas. Cor: Cinza Utiliza\u00e7\u00e3o FASSA.COLA FLEX\u00cdVEL EXTERIOR AC&hellip;<\/p>\n","protected":false},"featured_media":408,"template":"","meta":[],"product_cat":[32],"product_tag":[],"_links":{"self":[{"href":"https:\/\/casamouraacabamentos.com.br\/index.php\/wp-json\/wp\/v2\/product\/407"}],"collection":[{"href":"https:\/\/casamouraacabamentos.com.br\/index.php\/wp-json\/wp\/v2\/product"}],"about":[{"href":"https:\/\/casamouraacabamentos.com.br\/index.php\/wp-json\/wp\/v2\/types\/product"}],"wp:featuredmedia":[{"embeddable":true,"href":"https:\/\/casamouraacabamentos.com.br\/index.php\/wp-json\/wp\/v2\/media\/408"}],"wp:attachment":[{"href":"https:\/\/casamouraacabamentos.com.br\/index.php\/wp-json\/wp\/v2\/media?parent=407"}],"wp:term":[{"taxonomy":"product_cat","embeddable":true,"href":"https:\/\/casamouraacabamentos.com.br\/index.php\/wp-json\/wp\/v2\/product_cat?post=407"},{"taxonomy":"product_tag","embeddable":true,"href":"https:\/\/casamouraacabamentos.com.br\/index.php\/wp-json\/wp\/v2\/product_tag?post=407"}],"curies":[{"name":"wp","href":"https:\/\/api.w.org\/{rel}","templated":true}]}}