{"id":411,"date":"2024-03-26T16:43:53","date_gmt":"2024-03-26T19:43:53","guid":{"rendered":"https:\/\/casamouraacabamentos.com.br\/?post_type=product&#038;p=411"},"modified":"2024-03-27T10:33:51","modified_gmt":"2024-03-27T13:33:51","slug":"argamassa-multiuso-cinza-40kg-fassa-bortolo","status":"publish","type":"product","link":"https:\/\/casamouraacabamentos.com.br\/index.php\/produto\/argamassa-multiuso-cinza-40kg-fassa-bortolo\/","title":{"rendered":"ARGAMASSA MULTIUSO CINZA 40KG FASSA BORTOLO"},"content":{"rendered":"<div class=\"product-descrizione-wrapper product-item-wrapper\">\n<div class=\"product-descrizione\">\n<p>Argamassa multiuso para assentamento e revestimento em \u00e1reas internas e externas.Cor: cinza<\/p>\n<\/div>\n<\/div>\n<div class=\"product-impiego-wrapper product-item-wrapper\">\n<div class=\"product-label\">\n<h3>Utiliza\u00e7\u00e3o<\/h3>\n<\/div>\n<div class=\"product-impiego\">\n<p>FASSA.REV ARGAMASSA MULTIUSO \u00e9 utilizada como revestimento para aplicar \u00e0 m\u00e3o em ambientes interiores e exteriores, como argamassa para assentamento de alvenaria e para pequenas reformas e reparos em geral.<\/p>\n<\/div>\n<\/div>\n<div class=\"product-fornitura-wrapper product-item-wrapper\">\n<div class=\"product-label\"><\/div>\n<div class=\"product-fornitura\">\n<p>&nbsp;<\/p>\n<\/div>\n<\/div>\n<p>&nbsp;<\/p>\n<p><strong>Consultar valor especial em nossa loja ou por nossos canais de atendimento.<\/strong><\/p>\n","protected":false},"excerpt":{"rendered":"<p>Argamassa multiuso para assentamento e revestimento em \u00e1reas internas e externas.Cor: cinza Utiliza\u00e7\u00e3o FASSA.REV ARGAMASSA MULTIUSO \u00e9 utilizada como revestimento&hellip;<\/p>\n","protected":false},"featured_media":412,"template":"","meta":[],"product_cat":[32],"product_tag":[],"_links":{"self":[{"href":"https:\/\/casamouraacabamentos.com.br\/index.php\/wp-json\/wp\/v2\/product\/411"}],"collection":[{"href":"https:\/\/casamouraacabamentos.com.br\/index.php\/wp-json\/wp\/v2\/product"}],"about":[{"href":"https:\/\/casamouraacabamentos.com.br\/index.php\/wp-json\/wp\/v2\/types\/product"}],"wp:featuredmedia":[{"embeddable":true,"href":"https:\/\/casamouraacabamentos.com.br\/index.php\/wp-json\/wp\/v2\/media\/412"}],"wp:attachment":[{"href":"https:\/\/casamouraacabamentos.com.br\/index.php\/wp-json\/wp\/v2\/media?parent=411"}],"wp:term":[{"taxonomy":"product_cat","embeddable":true,"href":"https:\/\/casamouraacabamentos.com.br\/index.php\/wp-json\/wp\/v2\/product_cat?post=411"},{"taxonomy":"product_tag","embeddable":true,"href":"https:\/\/casamouraacabamentos.com.br\/index.php\/wp-json\/wp\/v2\/product_tag?post=411"}],"curies":[{"name":"wp","href":"https:\/\/api.w.org\/{rel}","templated":true}]}}