{"id":413,"date":"2024-03-26T17:00:09","date_gmt":"2024-03-26T20:00:09","guid":{"rendered":"https:\/\/casamouraacabamentos.com.br\/?post_type=product&#038;p=413"},"modified":"2024-03-27T10:33:10","modified_gmt":"2024-03-27T13:33:10","slug":"argamassa-refratarios-5kg-fassa-bortolo","status":"publish","type":"product","link":"https:\/\/casamouraacabamentos.com.br\/index.php\/produto\/argamassa-refratarios-5kg-fassa-bortolo\/","title":{"rendered":"ARGAMASSA REFRATARIOS 5KG FASSA BORTOLO"},"content":{"rendered":"<div class=\"product-descrizione-wrapper product-item-wrapper\">\n<div class=\"product-descrizione\">\n<p>Argamassa refrat\u00e1ria resistente a altas temperaturas e composta por cimentos especiais, areias selecionadas e aditivos espec\u00edficos<\/p>\n<\/div>\n<\/div>\n<div class=\"product-impiego-wrapper product-item-wrapper\">\n<div class=\"product-label\">\n<h3>Utiliza\u00e7\u00e3o<\/h3>\n<\/div>\n<div class=\"product-impiego\">\n<p>FASSA.TEC ARGAMASSA REFRAT\u00c1RIO \u00e9 usada como argamassa para alvenaria e revestimento para todos os locais em que \u00e9 necess\u00e1ria uma alta resist\u00eancia a elevadas temperaturas (at\u00e9 400\u00b0C), como, por exemplo, o assentamento e reboco fino de lareiras, chamin\u00e9, fornos, churrasqueiras, exaustores, tanto internos quanto externos.<\/p>\n<\/div>\n<\/div>\n<div class=\"product-fornitura-wrapper product-item-wrapper\">\n<div class=\"product-label\"><\/div>\n<div class=\"product-fornitura\">\n<p>&nbsp;<\/p>\n<\/div>\n<\/div>\n<p>&nbsp;<\/p>\n<p><strong>Consultar valor especial em nossa loja ou por nossos canais de atendimento.<\/strong><\/p>\n<div class=\"product-fornitura-wrapper product-item-wrapper\">\n<p>&nbsp;<\/p>\n<\/div>\n","protected":false},"excerpt":{"rendered":"<p>Argamassa refrat\u00e1ria resistente a altas temperaturas e composta por cimentos especiais, areias selecionadas e aditivos espec\u00edficos Utiliza\u00e7\u00e3o FASSA.TEC ARGAMASSA REFRAT\u00c1RIO&hellip;<\/p>\n","protected":false},"featured_media":414,"template":"","meta":[],"product_cat":[32],"product_tag":[],"_links":{"self":[{"href":"https:\/\/casamouraacabamentos.com.br\/index.php\/wp-json\/wp\/v2\/product\/413"}],"collection":[{"href":"https:\/\/casamouraacabamentos.com.br\/index.php\/wp-json\/wp\/v2\/product"}],"about":[{"href":"https:\/\/casamouraacabamentos.com.br\/index.php\/wp-json\/wp\/v2\/types\/product"}],"wp:featuredmedia":[{"embeddable":true,"href":"https:\/\/casamouraacabamentos.com.br\/index.php\/wp-json\/wp\/v2\/media\/414"}],"wp:attachment":[{"href":"https:\/\/casamouraacabamentos.com.br\/index.php\/wp-json\/wp\/v2\/media?parent=413"}],"wp:term":[{"taxonomy":"product_cat","embeddable":true,"href":"https:\/\/casamouraacabamentos.com.br\/index.php\/wp-json\/wp\/v2\/product_cat?post=413"},{"taxonomy":"product_tag","embeddable":true,"href":"https:\/\/casamouraacabamentos.com.br\/index.php\/wp-json\/wp\/v2\/product_tag?post=413"}],"curies":[{"name":"wp","href":"https:\/\/api.w.org\/{rel}","templated":true}]}}