{"id":479,"date":"2024-03-28T15:00:13","date_gmt":"2024-03-28T18:00:13","guid":{"rendered":"https:\/\/casamouraacabamentos.com.br\/?post_type=product&#038;p=479"},"modified":"2024-12-27T09:42:56","modified_gmt":"2024-12-27T12:42:56","slug":"tubo-mt-sold-32-mm-amanco","status":"publish","type":"product","link":"https:\/\/casamouraacabamentos.com.br\/index.php\/produto\/tubo-mt-sold-32-mm-amanco\/","title":{"rendered":"TUBO MT SOLD 32 MM AMANCO"},"content":{"rendered":"<p>TUBO MT SOLD 32 MM AMANCO<\/p>\n<p>A linha Amanco Sold\u00e1vel \u00e9 um sistema em PVC para condu\u00e7\u00e3o de \u00e1gua fria com portf\u00f3lio completo para atender todos os projetos, utilizada em obras residenciais, comerciais e industriais. Aplicada em instala\u00e7\u00f5es de \u00e1gua fria permanentes e embutidas.<\/p>\n<p><strong>TUBO 6 METROS\u00a0<\/strong><\/p>\n<p>&nbsp;<\/p>\n<p><strong>Consultar condi\u00e7\u00f5es valor parcelado.<\/strong><\/p>\n","protected":false},"excerpt":{"rendered":"<p>TUBO MT SOLD 32 MM AMANCO A linha Amanco Sold\u00e1vel \u00e9 um sistema em PVC para condu\u00e7\u00e3o de \u00e1gua fria&hellip;<\/p>\n","protected":false},"featured_media":478,"template":"","meta":[],"product_cat":[20],"product_tag":[],"_links":{"self":[{"href":"https:\/\/casamouraacabamentos.com.br\/index.php\/wp-json\/wp\/v2\/product\/479"}],"collection":[{"href":"https:\/\/casamouraacabamentos.com.br\/index.php\/wp-json\/wp\/v2\/product"}],"about":[{"href":"https:\/\/casamouraacabamentos.com.br\/index.php\/wp-json\/wp\/v2\/types\/product"}],"wp:featuredmedia":[{"embeddable":true,"href":"https:\/\/casamouraacabamentos.com.br\/index.php\/wp-json\/wp\/v2\/media\/478"}],"wp:attachment":[{"href":"https:\/\/casamouraacabamentos.com.br\/index.php\/wp-json\/wp\/v2\/media?parent=479"}],"wp:term":[{"taxonomy":"product_cat","embeddable":true,"href":"https:\/\/casamouraacabamentos.com.br\/index.php\/wp-json\/wp\/v2\/product_cat?post=479"},{"taxonomy":"product_tag","embeddable":true,"href":"https:\/\/casamouraacabamentos.com.br\/index.php\/wp-json\/wp\/v2\/product_tag?post=479"}],"curies":[{"name":"wp","href":"https:\/\/api.w.org\/{rel}","templated":true}]}}