{"id":498,"date":"2024-03-28T17:19:08","date_gmt":"2024-03-28T20:19:08","guid":{"rendered":"https:\/\/casamouraacabamentos.com.br\/?post_type=product&#038;p=498"},"modified":"2024-10-24T16:38:51","modified_gmt":"2024-10-24T19:38:51","slug":"adesivo-pvc-175-gr-c-pincel-amanco","status":"publish","type":"product","link":"https:\/\/casamouraacabamentos.com.br\/index.php\/produto\/adesivo-pvc-175-gr-c-pincel-amanco\/","title":{"rendered":"ADESIVO PVC 175 GR C\/PINCEL AMANCO"},"content":{"rendered":"<p><strong>ADESIVO PVC 175 GR C\/PINCEL AMANCO<\/strong><\/p>\n<p>Indicado para colagem de tubos e conex\u00f5es de PVC. A sua viscosidade e seu tempo de trabalho s\u00e3o otimizados para a solda de tubula\u00e7\u00f5es de at\u00e9 60 mm de di\u00e2metro.<\/p>\n<p>&nbsp;<\/p>\n<p><strong>Consultar condi\u00e7\u00f5es valor parcelado.<\/strong><\/p>\n","protected":false},"excerpt":{"rendered":"<p>ADESIVO PVC 175 GR C\/PINCEL AMANCO Indicado para colagem de tubos e conex\u00f5es de PVC. A sua viscosidade e seu&hellip;<\/p>\n","protected":false},"featured_media":1082,"template":"","meta":[],"product_cat":[15],"product_tag":[],"_links":{"self":[{"href":"https:\/\/casamouraacabamentos.com.br\/index.php\/wp-json\/wp\/v2\/product\/498"}],"collection":[{"href":"https:\/\/casamouraacabamentos.com.br\/index.php\/wp-json\/wp\/v2\/product"}],"about":[{"href":"https:\/\/casamouraacabamentos.com.br\/index.php\/wp-json\/wp\/v2\/types\/product"}],"wp:featuredmedia":[{"embeddable":true,"href":"https:\/\/casamouraacabamentos.com.br\/index.php\/wp-json\/wp\/v2\/media\/1082"}],"wp:attachment":[{"href":"https:\/\/casamouraacabamentos.com.br\/index.php\/wp-json\/wp\/v2\/media?parent=498"}],"wp:term":[{"taxonomy":"product_cat","embeddable":true,"href":"https:\/\/casamouraacabamentos.com.br\/index.php\/wp-json\/wp\/v2\/product_cat?post=498"},{"taxonomy":"product_tag","embeddable":true,"href":"https:\/\/casamouraacabamentos.com.br\/index.php\/wp-json\/wp\/v2\/product_tag?post=498"}],"curies":[{"name":"wp","href":"https:\/\/api.w.org\/{rel}","templated":true}]}}