{"id":502,"date":"2024-03-28T17:26:02","date_gmt":"2024-03-28T20:26:02","guid":{"rendered":"https:\/\/casamouraacabamentos.com.br\/?post_type=product&#038;p=502"},"modified":"2024-10-24T16:37:53","modified_gmt":"2024-10-24T19:37:53","slug":"adesivo-cpvc-75-gr-amanco","status":"publish","type":"product","link":"https:\/\/casamouraacabamentos.com.br\/index.php\/produto\/adesivo-cpvc-75-gr-amanco\/","title":{"rendered":"ADESIVO  CPVC 75 GR AMANCO"},"content":{"rendered":"<p>ADESIVO CPVC 75 GR AMANCO<\/p>\n<p>Indicado para colagem de tubos e conex\u00f5es da Linha\u00a0 CPVC. A sua viscosidade e seu tempo de trabalho s\u00e3o otimizados para a solda de tubula\u00e7\u00f5es de at\u00e9 114 mm de di\u00e2metro.<\/p>\n<p><strong>Consultar condi\u00e7\u00f5es valor parcelado.<\/strong><\/p>\n<div class=\"woocommerce-tabs wc-tabs-wrapper\">\n<div id=\"tab-description\" class=\"woocommerce-Tabs-panel woocommerce-Tabs-panel--description panel entry-content wc-tab\" role=\"tabpanel\" aria-labelledby=\"tab-title-description\">\n<p>&nbsp;<\/p>\n<\/div>\n<\/div>\n","protected":false},"excerpt":{"rendered":"<p>ADESIVO CPVC 75 GR AMANCO Indicado para colagem de tubos e conex\u00f5es da Linha\u00a0 CPVC. A sua viscosidade e seu&hellip;<\/p>\n","protected":false},"featured_media":503,"template":"","meta":[],"product_cat":[20],"product_tag":[],"_links":{"self":[{"href":"https:\/\/casamouraacabamentos.com.br\/index.php\/wp-json\/wp\/v2\/product\/502"}],"collection":[{"href":"https:\/\/casamouraacabamentos.com.br\/index.php\/wp-json\/wp\/v2\/product"}],"about":[{"href":"https:\/\/casamouraacabamentos.com.br\/index.php\/wp-json\/wp\/v2\/types\/product"}],"wp:featuredmedia":[{"embeddable":true,"href":"https:\/\/casamouraacabamentos.com.br\/index.php\/wp-json\/wp\/v2\/media\/503"}],"wp:attachment":[{"href":"https:\/\/casamouraacabamentos.com.br\/index.php\/wp-json\/wp\/v2\/media?parent=502"}],"wp:term":[{"taxonomy":"product_cat","embeddable":true,"href":"https:\/\/casamouraacabamentos.com.br\/index.php\/wp-json\/wp\/v2\/product_cat?post=502"},{"taxonomy":"product_tag","embeddable":true,"href":"https:\/\/casamouraacabamentos.com.br\/index.php\/wp-json\/wp\/v2\/product_tag?post=502"}],"curies":[{"name":"wp","href":"https:\/\/api.w.org\/{rel}","templated":true}]}}