{"id":508,"date":"2024-03-30T08:21:32","date_gmt":"2024-03-30T11:21:32","guid":{"rendered":"https:\/\/casamouraacabamentos.com.br\/?post_type=product&#038;p=508"},"modified":"2024-10-24T16:38:16","modified_gmt":"2024-10-24T19:38:16","slug":"adesivo-cpvc-175-gr-amanco","status":"publish","type":"product","link":"https:\/\/casamouraacabamentos.com.br\/index.php\/produto\/adesivo-cpvc-175-gr-amanco\/","title":{"rendered":"ADESIVO CPVC 175 GR AMANCO"},"content":{"rendered":"<p>ADESIVO CPVC 175 GR AMANCO<\/p>\n<p>Indicado para colagem de tubos e conex\u00f5es da Linha Super CPVC. A sua viscosidade e seu tempo de trabalho s\u00e3o otimizados para a solda de tubula\u00e7\u00f5es de at\u00e9 114 mm de di\u00e2metro.<\/p>\n<p>&nbsp;<\/p>\n<p><strong>Consultar condi\u00e7\u00f5es valor parcelado.<\/strong><\/p>\n","protected":false},"excerpt":{"rendered":"<p>ADESIVO CPVC 175 GR AMANCO Indicado para colagem de tubos e conex\u00f5es da Linha Super CPVC. A sua viscosidade e&hellip;<\/p>\n","protected":false},"featured_media":509,"template":"","meta":[],"product_cat":[20],"product_tag":[],"_links":{"self":[{"href":"https:\/\/casamouraacabamentos.com.br\/index.php\/wp-json\/wp\/v2\/product\/508"}],"collection":[{"href":"https:\/\/casamouraacabamentos.com.br\/index.php\/wp-json\/wp\/v2\/product"}],"about":[{"href":"https:\/\/casamouraacabamentos.com.br\/index.php\/wp-json\/wp\/v2\/types\/product"}],"wp:featuredmedia":[{"embeddable":true,"href":"https:\/\/casamouraacabamentos.com.br\/index.php\/wp-json\/wp\/v2\/media\/509"}],"wp:attachment":[{"href":"https:\/\/casamouraacabamentos.com.br\/index.php\/wp-json\/wp\/v2\/media?parent=508"}],"wp:term":[{"taxonomy":"product_cat","embeddable":true,"href":"https:\/\/casamouraacabamentos.com.br\/index.php\/wp-json\/wp\/v2\/product_cat?post=508"},{"taxonomy":"product_tag","embeddable":true,"href":"https:\/\/casamouraacabamentos.com.br\/index.php\/wp-json\/wp\/v2\/product_tag?post=508"}],"curies":[{"name":"wp","href":"https:\/\/api.w.org\/{rel}","templated":true}]}}