{"id":530,"date":"2024-04-02T10:49:18","date_gmt":"2024-04-02T13:49:18","guid":{"rendered":"https:\/\/casamouraacabamentos.com.br\/?post_type=product&#038;p=530"},"modified":"2024-04-02T14:06:40","modified_gmt":"2024-04-02T17:06:40","slug":"piso-ceramica-embramaco-firenze-satiny-76x76cm-retificado","status":"publish","type":"product","link":"https:\/\/casamouraacabamentos.com.br\/index.php\/produto\/piso-ceramica-embramaco-firenze-satiny-76x76cm-retificado\/","title":{"rendered":"PISO CER\u00c2MICA EMBRAMACO FIRENZE SATINY &#8211; 76x76cm RETIFICADO"},"content":{"rendered":"<div>\n<h2 class=\"heading-24 givonic w-700 mb-4\">Informa\u00e7\u00f5es do Produto<\/h2>\n<\/div>\n<table>\n<tbody>\n<tr class=\"attr\">\n<td class=\"Montserrat w-400\"><strong>C\u00f3digo:<\/strong>\u00a0RT76161<\/td>\n<\/tr>\n<tr class=\"attr\">\n<td class=\"Montserrat w-400\"><strong>Formato:<\/strong>\u00a076x76cm<\/td>\n<\/tr>\n<\/tbody>\n<\/table>\n<div class=\"product-details-infos-table\">\n<table>\n<tbody>\n<tr class=\"attr-attr text-start\">\n<td class=\"Montserrat w-400\"><strong>Piso ou Parede:<\/strong>\u00a0Parede, Piso<\/td>\n<\/tr>\n<tr class=\"attr-attr text-start\">\n<td class=\"Montserrat w-400\"><strong>Junta de assentamento:<\/strong>\u00a02 mm<\/td>\n<\/tr>\n<tr class=\"attr-attr text-start\">\n<td class=\"Montserrat w-400\"><strong>Varia\u00e7\u00e3o de tonalidade e desenho:<\/strong>\u00a0V2<\/td>\n<\/tr>\n<tr class=\"attr-attr text-start\">\n<td class=\"Montserrat w-400\"><strong>Tipologia:<\/strong>\u00a0Acetinado<\/td>\n<\/tr>\n<tr class=\"attr-attr text-start\">\n<td class=\"Montserrat w-400\"><strong>Linha:<\/strong>\u00a0Cl\u00e1ssico<\/td>\n<\/tr>\n<tr class=\"attr-attr text-start\">\n<td class=\"Montserrat w-400\"><strong>Cores:<\/strong>\u00a0Bege, Cinza<\/td>\n<\/tr>\n<tr class=\"attr-attr text-start\">\n<td class=\"Montserrat w-400\"><strong>Decora\u00e7\u00e3o:<\/strong>\u00a0Minimalista<\/td>\n<\/tr>\n<tr class=\"attr-attr text-start\">\n<td class=\"Montserrat w-400\"><strong>Local de uso:<\/strong>\u00a0<strong>LD &#8211; Alto Tr\u00e1fego:<\/strong>\u00a0Todos os ambientes residenciais e comerciais cobertos, com tr\u00e1fego intenso de pessoas e tr\u00e2nsito de ve\u00edculos. Recomendados para locais onde n\u00e3o se requer resist\u00eancia ao escorregamento (Coef. atrito &lt; 0,4).<\/td>\n<\/tr>\n<tr class=\"attr-attr text-start\">\n<td class=\"Montserrat w-400\"><strong>Retificado:<\/strong>\u00a0Sim<\/p>\n<p>&nbsp;<\/p>\n<p><strong>Consultar valor especial em nossa loja ou por nossos canais de atendimento.<\/strong><\/td>\n<\/tr>\n<\/tbody>\n<\/table>\n<\/div>\n","protected":false},"excerpt":{"rendered":"<p>Informa\u00e7\u00f5es do Produto C\u00f3digo:\u00a0RT76161 Formato:\u00a076x76cm Piso ou Parede:\u00a0Parede, Piso Junta de assentamento:\u00a02 mm Varia\u00e7\u00e3o de tonalidade e desenho:\u00a0V2 Tipologia:\u00a0Acetinado Linha:\u00a0Cl\u00e1ssico&hellip;<\/p>\n","protected":false},"featured_media":532,"template":"","meta":[],"product_cat":[29,31],"product_tag":[],"_links":{"self":[{"href":"https:\/\/casamouraacabamentos.com.br\/index.php\/wp-json\/wp\/v2\/product\/530"}],"collection":[{"href":"https:\/\/casamouraacabamentos.com.br\/index.php\/wp-json\/wp\/v2\/product"}],"about":[{"href":"https:\/\/casamouraacabamentos.com.br\/index.php\/wp-json\/wp\/v2\/types\/product"}],"wp:featuredmedia":[{"embeddable":true,"href":"https:\/\/casamouraacabamentos.com.br\/index.php\/wp-json\/wp\/v2\/media\/532"}],"wp:attachment":[{"href":"https:\/\/casamouraacabamentos.com.br\/index.php\/wp-json\/wp\/v2\/media?parent=530"}],"wp:term":[{"taxonomy":"product_cat","embeddable":true,"href":"https:\/\/casamouraacabamentos.com.br\/index.php\/wp-json\/wp\/v2\/product_cat?post=530"},{"taxonomy":"product_tag","embeddable":true,"href":"https:\/\/casamouraacabamentos.com.br\/index.php\/wp-json\/wp\/v2\/product_tag?post=530"}],"curies":[{"name":"wp","href":"https:\/\/api.w.org\/{rel}","templated":true}]}}