{"id":533,"date":"2024-04-02T10:58:33","date_gmt":"2024-04-02T13:58:33","guid":{"rendered":"https:\/\/casamouraacabamentos.com.br\/?post_type=product&#038;p=533"},"modified":"2024-04-02T14:14:00","modified_gmt":"2024-04-02T17:14:00","slug":"revestimento-ceramico-cristofoletti-r-3101-313-x-553-retificado","status":"publish","type":"product","link":"https:\/\/casamouraacabamentos.com.br\/index.php\/produto\/revestimento-ceramico-cristofoletti-r-3101-313-x-553-retificado\/","title":{"rendered":"PISO REVESTIMENTO CER\u00c2MICO CRISTOFOLETTI R 3101 31,3 X 55,3 RETIFICADO"},"content":{"rendered":"<h2>Descri\u00e7\u00e3o<\/h2>\n<div class=\"texto-descricao\">\n<p>O revestimento R3101 CLASSIC BIANCO LUXOR da Realce Cer\u00e2mica \u00e9 produzido com os processos mais inovadores do mercado e possui RESIST\u00caNCIA \u00c0 MANCHA D&#8217;\u00c1GUA. \u00c9 indicado para revestimento de paredes. Devido \u00e0 alta qualidade de esmaltes aplicados a pe\u00e7a, este revestimento \u00e9 resistente \u00e0 mancha d\u2019\u00e1gua. Este produto \u00e9 retificado e pode ser aplicado com junta de 3mm.<\/p>\n<\/div>\n<div class=\"info_produto_cc\">\n<div class=\"tab-content\">\n<div id=\"especificacao\" class=\"tab-pane active\">\n<div class=\"moduletable\">\n<div class=\"custom\">\n<div class=\"especificacao\">\n<div class=\"left\">\n<p><strong>Refer\u00eancia<\/strong>R3101 CLASSIC BIANCO LUXOR<\/p>\n<\/div>\n<div class=\"right\">\n<p>Indica\u00e7\u00e3o de usoRESIDENCIAL \u2013 Indicado para uso em ambientes residenciais internos sem acesso para \u00e1reas externas + locais LA<\/p>\n<\/div>\n<div class=\"left\">\n<p>Facilidade de limpezaCom \u00e1gua, limpeza muito f\u00e1cil<\/p>\n<\/div>\n<div class=\"right\">\n<p>Resist\u00eancia qu\u00edmicaUtilizar produtos qu\u00edmicos recomendados pelo fabricante<\/p>\n<\/div>\n<div class=\"left\">\n<p>Junta de assentamento3 mm<\/p>\n<\/div>\n<div class=\"right\">\n<p>Resist\u00eancia ao riscoM\u00e9dia resist\u00eancia<\/p>\n<\/div>\n<div class=\"left\">\n<p>TexturaBrilho<\/p>\n<\/div>\n<div class=\"right\">\n<p>Varia\u00e7\u00e3o de tonalidadeUniforme<\/p>\n<\/div>\n<\/div>\n<\/div>\n<\/div>\n<\/div>\n<\/div>\n<\/div>\n<div class=\"todos_produtos realce\"><\/div>\n<p>&nbsp;<\/p>\n<p><strong>Consultar valor especial em nossa loja ou por nossos canais de atendimento.<\/strong><\/p>\n","protected":false},"excerpt":{"rendered":"<p>Descri\u00e7\u00e3o O revestimento R3101 CLASSIC BIANCO LUXOR da Realce Cer\u00e2mica \u00e9 produzido com os processos mais inovadores do mercado e&hellip;<\/p>\n","protected":false},"featured_media":535,"template":"","meta":[],"product_cat":[27],"product_tag":[],"_links":{"self":[{"href":"https:\/\/casamouraacabamentos.com.br\/index.php\/wp-json\/wp\/v2\/product\/533"}],"collection":[{"href":"https:\/\/casamouraacabamentos.com.br\/index.php\/wp-json\/wp\/v2\/product"}],"about":[{"href":"https:\/\/casamouraacabamentos.com.br\/index.php\/wp-json\/wp\/v2\/types\/product"}],"wp:featuredmedia":[{"embeddable":true,"href":"https:\/\/casamouraacabamentos.com.br\/index.php\/wp-json\/wp\/v2\/media\/535"}],"wp:attachment":[{"href":"https:\/\/casamouraacabamentos.com.br\/index.php\/wp-json\/wp\/v2\/media?parent=533"}],"wp:term":[{"taxonomy":"product_cat","embeddable":true,"href":"https:\/\/casamouraacabamentos.com.br\/index.php\/wp-json\/wp\/v2\/product_cat?post=533"},{"taxonomy":"product_tag","embeddable":true,"href":"https:\/\/casamouraacabamentos.com.br\/index.php\/wp-json\/wp\/v2\/product_tag?post=533"}],"curies":[{"name":"wp","href":"https:\/\/api.w.org\/{rel}","templated":true}]}}