{"id":548,"date":"2024-04-02T15:07:23","date_gmt":"2024-04-02T18:07:23","guid":{"rendered":"https:\/\/casamouraacabamentos.com.br\/?post_type=product&#038;p=548"},"modified":"2024-04-27T10:30:02","modified_gmt":"2024-04-27T13:30:02","slug":"piso-ceramica-embramaco-polido-piemonte-lux-75x75cm-retificado","status":"publish","type":"product","link":"https:\/\/casamouraacabamentos.com.br\/index.php\/produto\/piso-ceramica-embramaco-polido-piemonte-lux-75x75cm-retificado\/","title":{"rendered":"PISO CER\u00c2MICA EMBRAMACO POLIDO PIEMONTE Lux 75x75cm RETIFICADO"},"content":{"rendered":"<div>\n<h2 class=\"heading-24 givonic w-700 mb-4\">Informa\u00e7\u00f5es do Produto<\/h2>\n<\/div>\n<table>\n<tbody>\n<tr class=\"attr\">\n<td class=\"Montserrat w-400\"><strong>C\u00f3digo:<\/strong>\u00a0P75516<\/td>\n<\/tr>\n<tr class=\"attr\">\n<td class=\"Montserrat w-400\"><strong>Formato:<\/strong>\u00a075x75cm<\/td>\n<\/tr>\n<\/tbody>\n<\/table>\n<div class=\"product-details-infos-table\">\n<table>\n<tbody>\n<tr class=\"attr-attr text-start\">\n<td class=\"Montserrat w-400\"><strong>Piso ou Parede:<\/strong>\u00a0Parede, Piso<\/td>\n<\/tr>\n<tr class=\"attr-attr text-start\">\n<td class=\"Montserrat w-400\"><strong>Junta de assentamento:<\/strong>\u00a02 mm<\/td>\n<\/tr>\n<tr class=\"attr-attr text-start\">\n<td class=\"Montserrat w-400\"><strong>Varia\u00e7\u00e3o de tonalidade e desenho:<\/strong>\u00a0V2<\/td>\n<\/tr>\n<tr class=\"attr-attr text-start\">\n<td class=\"Montserrat w-400\"><strong>Tipologia:<\/strong>\u00a0Polido<\/td>\n<\/tr>\n<tr class=\"attr-attr text-start\">\n<td class=\"Montserrat w-400\"><strong>Linha:<\/strong>\u00a0Concreto<\/td>\n<\/tr>\n<tr class=\"attr-attr text-start\">\n<td class=\"Montserrat w-400\"><strong>Cores:<\/strong>\u00a0Cinza<\/td>\n<\/tr>\n<tr class=\"attr-attr text-start\">\n<td class=\"Montserrat w-400\"><strong>Local de uso:<\/strong>\u00a0<strong>LC &#8211; M\u00e9dio Tr\u00e1fego:<\/strong>\u00a0Todos os ambientes comerciais e residenciais internos, com m\u00e9dio tr\u00e1fego de pessoas, sem acesso a \u00e1reas externas e sem tr\u00e2nsito de equipamentos. Recomendados para locais onde n\u00e3o se requer resist\u00eancia ao escorregamento (Coef. atrito &lt; 0,4).<\/td>\n<\/tr>\n<tr class=\"attr-attr text-start\">\n<td class=\"Montserrat w-400\"><strong>Retificado:<\/strong>\u00a0Sim<\/p>\n<p>&nbsp;<\/p>\n<p>&nbsp;<\/p>\n<p><strong>Consultar valor especial em nossa loja ou por nossos canais de atendimento.<\/strong><\/td>\n<\/tr>\n<\/tbody>\n<\/table>\n<\/div>\n","protected":false},"excerpt":{"rendered":"<p>Informa\u00e7\u00f5es do Produto C\u00f3digo:\u00a0P75516 Formato:\u00a075x75cm Piso ou Parede:\u00a0Parede, Piso Junta de assentamento:\u00a02 mm Varia\u00e7\u00e3o de tonalidade e desenho:\u00a0V2 Tipologia:\u00a0Polido Linha:\u00a0Concreto&hellip;<\/p>\n","protected":false},"featured_media":549,"template":"","meta":[],"product_cat":[29,31],"product_tag":[],"_links":{"self":[{"href":"https:\/\/casamouraacabamentos.com.br\/index.php\/wp-json\/wp\/v2\/product\/548"}],"collection":[{"href":"https:\/\/casamouraacabamentos.com.br\/index.php\/wp-json\/wp\/v2\/product"}],"about":[{"href":"https:\/\/casamouraacabamentos.com.br\/index.php\/wp-json\/wp\/v2\/types\/product"}],"wp:featuredmedia":[{"embeddable":true,"href":"https:\/\/casamouraacabamentos.com.br\/index.php\/wp-json\/wp\/v2\/media\/549"}],"wp:attachment":[{"href":"https:\/\/casamouraacabamentos.com.br\/index.php\/wp-json\/wp\/v2\/media?parent=548"}],"wp:term":[{"taxonomy":"product_cat","embeddable":true,"href":"https:\/\/casamouraacabamentos.com.br\/index.php\/wp-json\/wp\/v2\/product_cat?post=548"},{"taxonomy":"product_tag","embeddable":true,"href":"https:\/\/casamouraacabamentos.com.br\/index.php\/wp-json\/wp\/v2\/product_tag?post=548"}],"curies":[{"name":"wp","href":"https:\/\/api.w.org\/{rel}","templated":true}]}}