{"id":554,"date":"2024-04-02T15:32:34","date_gmt":"2024-04-02T18:32:34","guid":{"rendered":"https:\/\/casamouraacabamentos.com.br\/?post_type=product&#038;p=554"},"modified":"2024-04-02T16:01:05","modified_gmt":"2024-04-02T19:01:05","slug":"porcelanato-onix-premium-lux-plus-polido-82x82-cm","status":"publish","type":"product","link":"https:\/\/casamouraacabamentos.com.br\/index.php\/produto\/porcelanato-onix-premium-lux-plus-polido-82x82-cm\/","title":{"rendered":"PORCELANATO ONIX PREMIUM LUX PLUS POLIDO EMBRAMACO  82X82 cm"},"content":{"rendered":"<div class=\"col-8\">\n<div class=\"d-flex align-items-start\">\n<div class=\"pe-5\">\n<div class=\"pic-slider hide-mb vertical\">\n<div class=\"pic-slider-holder\">\n<div class=\"pic-slider-cart\">\n<div class=\"pic-slider-image\"><\/div>\n<\/div>\n<\/div>\n<\/div>\n<\/div>\n<\/div>\n<\/div>\n<div class=\"col-4 mt-5 ml-5\">\n<div>\n<h2 class=\"heading-24 givonic w-700 mb-4\">Informa\u00e7\u00f5es do Produto<\/h2>\n<\/div>\n<table>\n<tbody>\n<tr class=\"attr\">\n<td class=\"Montserrat w-400\"><strong>C\u00f3digo:<\/strong>\u00a0P82036<\/td>\n<\/tr>\n<tr class=\"attr\">\n<td class=\"Montserrat w-400\"><strong>Formato:<\/strong>\u00a082x82cm<\/td>\n<\/tr>\n<\/tbody>\n<\/table>\n<div class=\"product-details-infos-table\">\n<table>\n<tbody>\n<tr class=\"attr-attr text-start\">\n<td class=\"Montserrat w-400\"><strong>Piso ou Parede:<\/strong>\u00a0Parede, Piso<\/td>\n<\/tr>\n<tr class=\"attr-attr text-start\">\n<td class=\"Montserrat w-400\"><strong>Varia\u00e7\u00e3o de tonalidade e desenho:<\/strong>\u00a0V2<\/td>\n<\/tr>\n<tr class=\"attr-attr text-start\">\n<td class=\"Montserrat w-400\"><strong>Quantidade de faces:<\/strong>\u00a07<\/td>\n<\/tr>\n<tr class=\"attr-attr text-start\">\n<td class=\"Montserrat w-400\"><strong>Local de Uso:<\/strong>\u00a0<strong>LC &#8211; M\u00e9dio Tr\u00e1fego:<\/strong>\u00a0Todos os ambientes comerciais e residenciais internos, com m\u00e9dio tr\u00e1fego de pessoas, sem acesso a \u00e1reas externas e sem tr\u00e2nsito de equipamentos. Recomendados para locais onde n\u00e3o se requer resist\u00eancia ao escorregamento (Coef. atrito &lt; 0,4).<\/td>\n<\/tr>\n<tr class=\"attr-attr text-start\">\n<td class=\"Montserrat w-400\"><strong>Linha:<\/strong>\u00a0M\u00e1rmore<\/td>\n<\/tr>\n<tr class=\"attr-attr text-start\">\n<td class=\"Montserrat w-400\"><strong>Tipologia:<\/strong>\u00a0Polido<\/p>\n<p>&nbsp;<\/p>\n<p>&nbsp;<\/p>\n<p><strong>Consultar valor especial em nossa loja ou por nossos canais de atendimento.<\/strong><\/p>\n<p>&nbsp;<\/p>\n<p>&nbsp;<\/td>\n<\/tr>\n<\/tbody>\n<\/table>\n<\/div>\n<\/div>\n","protected":false},"excerpt":{"rendered":"<p>Informa\u00e7\u00f5es do Produto C\u00f3digo:\u00a0P82036 Formato:\u00a082x82cm Piso ou Parede:\u00a0Parede, Piso Varia\u00e7\u00e3o de tonalidade e desenho:\u00a0V2 Quantidade de faces:\u00a07 Local de Uso:\u00a0LC&hellip;<\/p>\n","protected":false},"featured_media":555,"template":"","meta":[],"product_cat":[34],"product_tag":[],"_links":{"self":[{"href":"https:\/\/casamouraacabamentos.com.br\/index.php\/wp-json\/wp\/v2\/product\/554"}],"collection":[{"href":"https:\/\/casamouraacabamentos.com.br\/index.php\/wp-json\/wp\/v2\/product"}],"about":[{"href":"https:\/\/casamouraacabamentos.com.br\/index.php\/wp-json\/wp\/v2\/types\/product"}],"wp:featuredmedia":[{"embeddable":true,"href":"https:\/\/casamouraacabamentos.com.br\/index.php\/wp-json\/wp\/v2\/media\/555"}],"wp:attachment":[{"href":"https:\/\/casamouraacabamentos.com.br\/index.php\/wp-json\/wp\/v2\/media?parent=554"}],"wp:term":[{"taxonomy":"product_cat","embeddable":true,"href":"https:\/\/casamouraacabamentos.com.br\/index.php\/wp-json\/wp\/v2\/product_cat?post=554"},{"taxonomy":"product_tag","embeddable":true,"href":"https:\/\/casamouraacabamentos.com.br\/index.php\/wp-json\/wp\/v2\/product_tag?post=554"}],"curies":[{"name":"wp","href":"https:\/\/api.w.org\/{rel}","templated":true}]}}