{"id":563,"date":"2024-04-02T16:12:00","date_gmt":"2024-04-02T19:12:00","guid":{"rendered":"https:\/\/casamouraacabamentos.com.br\/?post_type=product&#038;p=563"},"modified":"2024-04-23T16:47:49","modified_gmt":"2024-04-23T19:47:49","slug":"porcelanato-district-gray-granilhado-83x83","status":"publish","type":"product","link":"https:\/\/casamouraacabamentos.com.br\/index.php\/produto\/porcelanato-district-gray-granilhado-83x83\/","title":{"rendered":"PORCELANATO DISTRICT GRAY EMBRAMACO 83X83 CX2,73 GRANILHADO"},"content":{"rendered":"<div>\n<h2 class=\"heading-24 givonic w-700 mb-4\">Informa\u00e7\u00f5es do Produto<\/h2>\n<\/div>\n<table>\n<tbody>\n<tr class=\"attr\">\n<td class=\"Montserrat w-400\"><strong>C\u00f3digo:<\/strong>\u00a083044<\/td>\n<\/tr>\n<tr class=\"attr\">\n<td class=\"Montserrat w-400\"><strong>Formato:<\/strong>\u00a083x83cm<\/td>\n<\/tr>\n<\/tbody>\n<\/table>\n<div class=\"product-details-infos-table\">\n<table>\n<tbody>\n<tr class=\"attr-attr text-start\">\n<td class=\"Montserrat w-400\"><strong>Piso ou Parede:<\/strong>\u00a0Parede, Piso<\/td>\n<\/tr>\n<tr class=\"attr-attr text-start\">\n<td class=\"Montserrat w-400\"><strong>Varia\u00e7\u00e3o de tonalidade e desenho:<\/strong>\u00a0V2<\/td>\n<\/tr>\n<tr class=\"attr-attr text-start\">\n<td class=\"Montserrat w-400\"><strong>Quantidade de faces:<\/strong>\u00a04<\/td>\n<\/tr>\n<tr class=\"attr-attr text-start\">\n<td class=\"Montserrat w-400\"><strong>Local de Uso:<\/strong>\u00a0<strong>LE &#8211; Altissimo Tr\u00e1fego:<\/strong>\u00a0Todos os ambientes residenciais e comerciais externos cobertos. Recomendados para locais onde n\u00e3o se requer resist\u00eancia ao escorregamento (Coef. atrito &lt; 0,4).<\/td>\n<\/tr>\n<tr class=\"attr-attr text-start\">\n<td class=\"Montserrat w-400\"><strong>Linha:<\/strong>\u00a0Concreto<\/td>\n<\/tr>\n<tr class=\"attr-attr text-start\">\n<td class=\"Montserrat w-400\"><strong>Tipologia:<\/strong>\u00a0Granilhado<\/p>\n<p>&nbsp;<\/p>\n<p><strong>Consultar valor especial em nossa loja ou por nossos canais de atendimento.<\/strong><\/p>\n<p>&nbsp;<\/p>\n<h6>IMAGENS ILUSTRATIVAS<\/h6>\n<\/td>\n<\/tr>\n<\/tbody>\n<\/table>\n<\/div>\n","protected":false},"excerpt":{"rendered":"<p>Informa\u00e7\u00f5es do Produto C\u00f3digo:\u00a083044 Formato:\u00a083x83cm Piso ou Parede:\u00a0Parede, Piso Varia\u00e7\u00e3o de tonalidade e desenho:\u00a0V2 Quantidade de faces:\u00a04 Local de Uso:\u00a0LE&hellip;<\/p>\n","protected":false},"featured_media":564,"template":"","meta":[],"product_cat":[34],"product_tag":[],"_links":{"self":[{"href":"https:\/\/casamouraacabamentos.com.br\/index.php\/wp-json\/wp\/v2\/product\/563"}],"collection":[{"href":"https:\/\/casamouraacabamentos.com.br\/index.php\/wp-json\/wp\/v2\/product"}],"about":[{"href":"https:\/\/casamouraacabamentos.com.br\/index.php\/wp-json\/wp\/v2\/types\/product"}],"wp:featuredmedia":[{"embeddable":true,"href":"https:\/\/casamouraacabamentos.com.br\/index.php\/wp-json\/wp\/v2\/media\/564"}],"wp:attachment":[{"href":"https:\/\/casamouraacabamentos.com.br\/index.php\/wp-json\/wp\/v2\/media?parent=563"}],"wp:term":[{"taxonomy":"product_cat","embeddable":true,"href":"https:\/\/casamouraacabamentos.com.br\/index.php\/wp-json\/wp\/v2\/product_cat?post=563"},{"taxonomy":"product_tag","embeddable":true,"href":"https:\/\/casamouraacabamentos.com.br\/index.php\/wp-json\/wp\/v2\/product_tag?post=563"}],"curies":[{"name":"wp","href":"https:\/\/api.w.org\/{rel}","templated":true}]}}