{"id":568,"date":"2024-04-03T13:11:24","date_gmt":"2024-04-03T16:11:24","guid":{"rendered":"https:\/\/casamouraacabamentos.com.br\/?post_type=product&#038;p=568"},"modified":"2024-12-27T09:40:59","modified_gmt":"2024-12-27T12:40:59","slug":"contra-umidade-bd-18-l-viapol","status":"publish","type":"product","link":"https:\/\/casamouraacabamentos.com.br\/index.php\/produto\/contra-umidade-bd-18-l-viapol\/","title":{"rendered":"VIAPOL CONTRA UMIDADE BD 18 L"},"content":{"rendered":"<p><b>Aditivo impermeabilizante mineral que misturado \u00e0s argamassas ou concreto, confere impermeabilidade, agindo por hidrofuga\u00e7\u00e3o dos capilares<\/b>.<\/p>\n<p>&nbsp;<\/p>\n<p>&nbsp;<\/p>\n<p>&nbsp;<\/p>\n<p><strong>Consultar condi\u00e7\u00f5es valor parcelado.<\/strong><\/p>\n","protected":false},"excerpt":{"rendered":"<p>Aditivo impermeabilizante mineral que misturado \u00e0s argamassas ou concreto, confere impermeabilidade, agindo por hidrofuga\u00e7\u00e3o dos capilares. &nbsp; &nbsp; &nbsp; Consultar&hellip;<\/p>\n","protected":false},"featured_media":569,"template":"","meta":[],"product_cat":[35],"product_tag":[],"_links":{"self":[{"href":"https:\/\/casamouraacabamentos.com.br\/index.php\/wp-json\/wp\/v2\/product\/568"}],"collection":[{"href":"https:\/\/casamouraacabamentos.com.br\/index.php\/wp-json\/wp\/v2\/product"}],"about":[{"href":"https:\/\/casamouraacabamentos.com.br\/index.php\/wp-json\/wp\/v2\/types\/product"}],"wp:featuredmedia":[{"embeddable":true,"href":"https:\/\/casamouraacabamentos.com.br\/index.php\/wp-json\/wp\/v2\/media\/569"}],"wp:attachment":[{"href":"https:\/\/casamouraacabamentos.com.br\/index.php\/wp-json\/wp\/v2\/media?parent=568"}],"wp:term":[{"taxonomy":"product_cat","embeddable":true,"href":"https:\/\/casamouraacabamentos.com.br\/index.php\/wp-json\/wp\/v2\/product_cat?post=568"},{"taxonomy":"product_tag","embeddable":true,"href":"https:\/\/casamouraacabamentos.com.br\/index.php\/wp-json\/wp\/v2\/product_tag?post=568"}],"curies":[{"name":"wp","href":"https:\/\/api.w.org\/{rel}","templated":true}]}}