{"id":574,"date":"2024-04-03T13:58:00","date_gmt":"2024-04-03T16:58:00","guid":{"rendered":"https:\/\/casamouraacabamentos.com.br\/?post_type=product&#038;p=574"},"modified":"2024-12-27T09:40:45","modified_gmt":"2024-12-27T12:40:45","slug":"fuseprotec-parede-bd-18-l-viapol","status":"publish","type":"product","link":"https:\/\/casamouraacabamentos.com.br\/index.php\/produto\/fuseprotec-parede-bd-18-l-viapol\/","title":{"rendered":"VIAPOL FUSEPROTEC PAREDE BD 18 L"},"content":{"rendered":"<p>Pintura acr\u00edlica impermeabilizante, formulada para proteger paredes, muros e fachadas contra infiltra\u00e7\u00f5es de \u00e1gua provocadas pelas batida de chuva.<\/p>\n<ul>\n<li>Aplicado sobre reboco, concreto, fibrocimento e massa acr\u00edlica;<\/li>\n<li>Imperme\u00e1vel e lav\u00e1vel: para acabamento em geral, sobre tintas pva, acr\u00edlicas, textura e tintas \u00e0 base de \u00e1gua;<\/li>\n<li>Como acabamento: permite colora\u00e7\u00f5es, pigmentando em tons claros com corante l\u00edquido \u00e0 base de \u00e1gua.<\/li>\n<\/ul>\n<p>&nbsp;<\/p>\n<p>&nbsp;<\/p>\n<p><strong>Consultar condi\u00e7\u00f5es valor parcelado.<\/strong><\/p>\n<p>&nbsp;<\/p>\n","protected":false},"excerpt":{"rendered":"<p>Pintura acr\u00edlica impermeabilizante, formulada para proteger paredes, muros e fachadas contra infiltra\u00e7\u00f5es de \u00e1gua provocadas pelas batida de chuva. Aplicado&hellip;<\/p>\n","protected":false},"featured_media":575,"template":"","meta":[],"product_cat":[35],"product_tag":[],"_links":{"self":[{"href":"https:\/\/casamouraacabamentos.com.br\/index.php\/wp-json\/wp\/v2\/product\/574"}],"collection":[{"href":"https:\/\/casamouraacabamentos.com.br\/index.php\/wp-json\/wp\/v2\/product"}],"about":[{"href":"https:\/\/casamouraacabamentos.com.br\/index.php\/wp-json\/wp\/v2\/types\/product"}],"wp:featuredmedia":[{"embeddable":true,"href":"https:\/\/casamouraacabamentos.com.br\/index.php\/wp-json\/wp\/v2\/media\/575"}],"wp:attachment":[{"href":"https:\/\/casamouraacabamentos.com.br\/index.php\/wp-json\/wp\/v2\/media?parent=574"}],"wp:term":[{"taxonomy":"product_cat","embeddable":true,"href":"https:\/\/casamouraacabamentos.com.br\/index.php\/wp-json\/wp\/v2\/product_cat?post=574"},{"taxonomy":"product_tag","embeddable":true,"href":"https:\/\/casamouraacabamentos.com.br\/index.php\/wp-json\/wp\/v2\/product_tag?post=574"}],"curies":[{"name":"wp","href":"https:\/\/api.w.org\/{rel}","templated":true}]}}