{"id":584,"date":"2024-04-03T14:57:57","date_gmt":"2024-04-03T17:57:57","guid":{"rendered":"https:\/\/casamouraacabamentos.com.br\/?post_type=product&#038;p=584"},"modified":"2024-12-27T09:40:12","modified_gmt":"2024-12-27T12:40:12","slug":"viapol-vedalage-preto-gl-36-l","status":"publish","type":"product","link":"https:\/\/casamouraacabamentos.com.br\/index.php\/produto\/viapol-vedalage-preto-gl-36-l\/","title":{"rendered":"VIAPOL VEDALAGE PRETO GL 3,6 L"},"content":{"rendered":"<p><strong>Vedalage\u00ae Preto<\/strong>\u00a0\u00e9 uma manta l\u00edquida pronta para uso \u00e0 base de asfalto modificado com pol\u00edmeros, prontos para uso. \u00c9 um impermeabilizante que apresenta excelentes caracter\u00edsticas de elasticidade, flexibilidade e ader\u00eancia.<\/p>\n<p>PARA:<\/p>\n<ul>\n<li>Lajes de cobertura;<\/li>\n<li>\u00c1reas frias (banheiro, cozinha, sacada, varanda e \u00e1rea de servi\u00e7o);<\/li>\n<li>Paredes internas de Drywall (gesso acartonado);<\/li>\n<li>Muros de conten\u00e7\u00e3o (lado da terra);<\/li>\n<li>Jardineiras e floreiras;<\/li>\n<li>Saunas e c\u00e2maras frigor\u00edficas;<\/li>\n<li>Calhas de concreto;<\/li>\n<li>Paredes e pisos.<\/li>\n<\/ul>\n<p><strong>Consultar condi\u00e7\u00f5es valor parcelado.<\/strong><\/p>\n","protected":false},"excerpt":{"rendered":"<p>Vedalage\u00ae Preto\u00a0\u00e9 uma manta l\u00edquida pronta para uso \u00e0 base de asfalto modificado com pol\u00edmeros, prontos para uso. \u00c9 um&hellip;<\/p>\n","protected":false},"featured_media":585,"template":"","meta":[],"product_cat":[35],"product_tag":[],"_links":{"self":[{"href":"https:\/\/casamouraacabamentos.com.br\/index.php\/wp-json\/wp\/v2\/product\/584"}],"collection":[{"href":"https:\/\/casamouraacabamentos.com.br\/index.php\/wp-json\/wp\/v2\/product"}],"about":[{"href":"https:\/\/casamouraacabamentos.com.br\/index.php\/wp-json\/wp\/v2\/types\/product"}],"wp:featuredmedia":[{"embeddable":true,"href":"https:\/\/casamouraacabamentos.com.br\/index.php\/wp-json\/wp\/v2\/media\/585"}],"wp:attachment":[{"href":"https:\/\/casamouraacabamentos.com.br\/index.php\/wp-json\/wp\/v2\/media?parent=584"}],"wp:term":[{"taxonomy":"product_cat","embeddable":true,"href":"https:\/\/casamouraacabamentos.com.br\/index.php\/wp-json\/wp\/v2\/product_cat?post=584"},{"taxonomy":"product_tag","embeddable":true,"href":"https:\/\/casamouraacabamentos.com.br\/index.php\/wp-json\/wp\/v2\/product_tag?post=584"}],"curies":[{"name":"wp","href":"https:\/\/api.w.org\/{rel}","templated":true}]}}