{"id":586,"date":"2024-04-03T15:04:43","date_gmt":"2024-04-03T18:04:43","guid":{"rendered":"https:\/\/casamouraacabamentos.com.br\/?post_type=product&#038;p=586"},"modified":"2024-12-27T09:40:07","modified_gmt":"2024-12-27T12:40:07","slug":"viapol-viabit-900-ml","status":"publish","type":"product","link":"https:\/\/casamouraacabamentos.com.br\/index.php\/produto\/viapol-viabit-900-ml\/","title":{"rendered":"VIAPOL VIABIT 900 ML"},"content":{"rendered":"<p><strong>Viabit<\/strong>\u00a0\u00e9 uma pintura asf\u00e1ltica imperme\u00e1vel composta de asfalto oxidado e solventes org\u00e2nicos com alta ader\u00eancia em diversos substratos para aplica\u00e7\u00e3o a frio.<\/p>\n<p>\u00c9 uma solu\u00e7\u00e3o asf\u00e1ltica que forma um filme de excelente ader\u00eancia, ideal para ser utilizado como:<\/p>\n<ul>\n<li>Pintura imperme\u00e1vel em funda\u00e7\u00f5es, baldrames, alicerces e muros de arrimo;<\/li>\n<li>Pintura imperme\u00e1vel para fachadas, quando for aplicada sob pel\u00edcula de vidro;<\/li>\n<li>Pintura imperme\u00e1vel para estruturas enterradas como alvenaria, concreto ou argamassas;<\/li>\n<li>Primer para colagem de mantas asf\u00e1lticas e fitas autoadesivas;<\/li>\n<li>Primer para impermeabiliza\u00e7\u00f5es com solu\u00e7\u00f5es asf\u00e1lticas moldadas no local;<\/li>\n<li>Primer para selantes asf\u00e1lticos;<\/li>\n<li>Prote\u00e7\u00e3o anticorrosiva em metais e madeiras n\u00e3o expostas \u00e0s intemp\u00e9ries;<\/li>\n<li>Aplic\u00e1vel em superf\u00edcies de concreto, argamassa, alvenaria, metal, PVC e fibra de vidro.<\/li>\n<\/ul>\n<p>&nbsp;<\/p>\n<p><strong>Consultar condi\u00e7\u00f5es valor parcelado.<\/strong><\/p>\n","protected":false},"excerpt":{"rendered":"<p>Viabit\u00a0\u00e9 uma pintura asf\u00e1ltica imperme\u00e1vel composta de asfalto oxidado e solventes org\u00e2nicos com alta ader\u00eancia em diversos substratos para aplica\u00e7\u00e3o&hellip;<\/p>\n","protected":false},"featured_media":588,"template":"","meta":[],"product_cat":[35],"product_tag":[],"_links":{"self":[{"href":"https:\/\/casamouraacabamentos.com.br\/index.php\/wp-json\/wp\/v2\/product\/586"}],"collection":[{"href":"https:\/\/casamouraacabamentos.com.br\/index.php\/wp-json\/wp\/v2\/product"}],"about":[{"href":"https:\/\/casamouraacabamentos.com.br\/index.php\/wp-json\/wp\/v2\/types\/product"}],"wp:featuredmedia":[{"embeddable":true,"href":"https:\/\/casamouraacabamentos.com.br\/index.php\/wp-json\/wp\/v2\/media\/588"}],"wp:attachment":[{"href":"https:\/\/casamouraacabamentos.com.br\/index.php\/wp-json\/wp\/v2\/media?parent=586"}],"wp:term":[{"taxonomy":"product_cat","embeddable":true,"href":"https:\/\/casamouraacabamentos.com.br\/index.php\/wp-json\/wp\/v2\/product_cat?post=586"},{"taxonomy":"product_tag","embeddable":true,"href":"https:\/\/casamouraacabamentos.com.br\/index.php\/wp-json\/wp\/v2\/product_tag?post=586"}],"curies":[{"name":"wp","href":"https:\/\/api.w.org\/{rel}","templated":true}]}}