{"id":591,"date":"2024-04-03T15:47:59","date_gmt":"2024-04-03T18:47:59","guid":{"rendered":"https:\/\/casamouraacabamentos.com.br\/?post_type=product&#038;p=591"},"modified":"2024-12-27T09:39:56","modified_gmt":"2024-12-27T12:39:56","slug":"viapol-viacal-bd-18-l","status":"publish","type":"product","link":"https:\/\/casamouraacabamentos.com.br\/index.php\/produto\/viapol-viacal-bd-18-l\/","title":{"rendered":"VIAPOL VIACAL BD 18 L"},"content":{"rendered":"<p>Aditivo elaborado a partir de resinas naturais que, adicionado \u00e0s argamassas de cimento e areia, conferem excelentes caracter\u00edsticas de plasticidade, trabalhabilidade e ader\u00eancia, reduzindo a forma\u00e7\u00e3o de trincas por retra\u00e7\u00e3o, uma vez que reduz a quantidade de \u00e1gua a ser utilizada.<\/p>\n<h1 role=\"heading\" data-uw-rm-heading=\"level\"><strong>UTILIZA\u00c7\u00c3O<\/strong><\/h1>\n<p><strong>Viacal<\/strong>\u00a0\u00e9 um aditivo plastificante indicado para argamassas de rebocos interno e externos, e para assentamento de alvenarias de um modo geral.<\/p>\n<p>&nbsp;<\/p>\n","protected":false},"excerpt":{"rendered":"<p>Aditivo elaborado a partir de resinas naturais que, adicionado \u00e0s argamassas de cimento e areia, conferem excelentes caracter\u00edsticas de plasticidade,&hellip;<\/p>\n","protected":false},"featured_media":592,"template":"","meta":[],"product_cat":[35],"product_tag":[],"_links":{"self":[{"href":"https:\/\/casamouraacabamentos.com.br\/index.php\/wp-json\/wp\/v2\/product\/591"}],"collection":[{"href":"https:\/\/casamouraacabamentos.com.br\/index.php\/wp-json\/wp\/v2\/product"}],"about":[{"href":"https:\/\/casamouraacabamentos.com.br\/index.php\/wp-json\/wp\/v2\/types\/product"}],"wp:featuredmedia":[{"embeddable":true,"href":"https:\/\/casamouraacabamentos.com.br\/index.php\/wp-json\/wp\/v2\/media\/592"}],"wp:attachment":[{"href":"https:\/\/casamouraacabamentos.com.br\/index.php\/wp-json\/wp\/v2\/media?parent=591"}],"wp:term":[{"taxonomy":"product_cat","embeddable":true,"href":"https:\/\/casamouraacabamentos.com.br\/index.php\/wp-json\/wp\/v2\/product_cat?post=591"},{"taxonomy":"product_tag","embeddable":true,"href":"https:\/\/casamouraacabamentos.com.br\/index.php\/wp-json\/wp\/v2\/product_tag?post=591"}],"curies":[{"name":"wp","href":"https:\/\/api.w.org\/{rel}","templated":true}]}}