{"id":593,"date":"2024-04-03T16:01:28","date_gmt":"2024-04-03T19:01:28","guid":{"rendered":"https:\/\/casamouraacabamentos.com.br\/?post_type=product&#038;p=593"},"modified":"2024-12-27T09:39:51","modified_gmt":"2024-12-27T12:39:51","slug":"viapol-viafix-bd-18-k","status":"publish","type":"product","link":"https:\/\/casamouraacabamentos.com.br\/index.php\/produto\/viapol-viafix-bd-18-k\/","title":{"rendered":"VIAPOL VIAFIX BD 18 K"},"content":{"rendered":"<p><strong>Viafix<\/strong>\u00a0(PVA) \u00e9 utilizado como promotor de ader\u00eancia, resist\u00eancia e plasticidade aos mais variados substratos, indicado para:<\/p>\n<ul>\n<li>Rebocos e embossos;<\/li>\n<li>Argamassas de regulariza\u00e7\u00e3o, argamassas de assentamento de pisos e azulejos;<\/li>\n<li>Argamassas de contrapiso;<\/li>\n<li>Chapiscos nos mais variados substratos (sob consulta);<\/li>\n<li>Chapisco sobre isopor; Plastificante para gesso.<\/li>\n<\/ul>\n","protected":false},"excerpt":{"rendered":"<p>Viafix\u00a0(PVA) \u00e9 utilizado como promotor de ader\u00eancia, resist\u00eancia e plasticidade aos mais variados substratos, indicado para: Rebocos e embossos; Argamassas&hellip;<\/p>\n","protected":false},"featured_media":594,"template":"","meta":[],"product_cat":[35],"product_tag":[],"_links":{"self":[{"href":"https:\/\/casamouraacabamentos.com.br\/index.php\/wp-json\/wp\/v2\/product\/593"}],"collection":[{"href":"https:\/\/casamouraacabamentos.com.br\/index.php\/wp-json\/wp\/v2\/product"}],"about":[{"href":"https:\/\/casamouraacabamentos.com.br\/index.php\/wp-json\/wp\/v2\/types\/product"}],"wp:featuredmedia":[{"embeddable":true,"href":"https:\/\/casamouraacabamentos.com.br\/index.php\/wp-json\/wp\/v2\/media\/594"}],"wp:attachment":[{"href":"https:\/\/casamouraacabamentos.com.br\/index.php\/wp-json\/wp\/v2\/media?parent=593"}],"wp:term":[{"taxonomy":"product_cat","embeddable":true,"href":"https:\/\/casamouraacabamentos.com.br\/index.php\/wp-json\/wp\/v2\/product_cat?post=593"},{"taxonomy":"product_tag","embeddable":true,"href":"https:\/\/casamouraacabamentos.com.br\/index.php\/wp-json\/wp\/v2\/product_tag?post=593"}],"curies":[{"name":"wp","href":"https:\/\/api.w.org\/{rel}","templated":true}]}}