{"id":596,"date":"2024-04-03T16:12:05","date_gmt":"2024-04-03T19:12:05","guid":{"rendered":"https:\/\/casamouraacabamentos.com.br\/?post_type=product&#038;p=596"},"modified":"2024-12-27T09:39:46","modified_gmt":"2024-12-27T12:39:46","slug":"viapol-viaplus-7000-fibras-cx-18-k","status":"publish","type":"product","link":"https:\/\/casamouraacabamentos.com.br\/index.php\/produto\/viapol-viaplus-7000-fibras-cx-18-k\/","title":{"rendered":"VIAPOL VIAPLUS 7000 FIBRAS CX 18 K"},"content":{"rendered":"<p>Revestimento impermeabilizante, flex\u00edvel, bi componente \u00e0 base de resinas elastom\u00e9ricas e cimentos com aditivos e incorpora\u00e7\u00e3o de fibras sint\u00e9ticas (polipropileno). Essa composi\u00e7\u00e3o resulta em uma membrana de pol\u00edmero modificado com cimento de excelentes caracter\u00edsticas de resist\u00eancia, flexibilidade e impermeabilidade<\/p>\n<h1 role=\"heading\" data-uw-rm-heading=\"level\"><strong>UTILIZA\u00c7\u00c3O<\/strong><\/h1>\n<p>Indicado para impermeabiliza\u00e7\u00e3o de \u00e1reas com constante presen\u00e7a de \u00e1gua ou \u00e1reas permanentemente \u00famidas, como:<\/p>\n<ul>\n<li>Sistema duplo com\u00a0<strong>Viaplus 1000<\/strong>\u00a0ou\u00a0<strong>Viaplus Top Viaplus 7000<\/strong>\u00a0para reservat\u00f3rio de concreto de \u00e1gua pot\u00e1vel apoiado ou elevado;<\/li>\n<li>Sistema duplo com\u00a0<strong>Viaplus 1000<\/strong>\u00a0ou\u00a0<strong>Viaplus Top Viaplus 7000<\/strong>\u00a0para Piscinas de concreto enterrada \/ Espelhos d\u2019\u00e1gua enterrados;<\/li>\n<li>Paredes internas de Drywall (gesso acartonado);<\/li>\n<li>\u00c1reas molhadas e molh\u00e1veis elevadas como banheiros, cozinhas, lavanderias, \u00e1reas de servi\u00e7os, barriletes, lavabos, etc;<\/li>\n<li>Sacadas apoiadas, terra\u00e7os e varandas gourmet cobertas.<\/li>\n<\/ul>\n<p><strong>Consultar condi\u00e7\u00f5es valor parcelado.<\/strong><\/p>\n","protected":false},"excerpt":{"rendered":"<p>Revestimento impermeabilizante, flex\u00edvel, bi componente \u00e0 base de resinas elastom\u00e9ricas e cimentos com aditivos e incorpora\u00e7\u00e3o de fibras sint\u00e9ticas (polipropileno).&hellip;<\/p>\n","protected":false},"featured_media":597,"template":"","meta":[],"product_cat":[35],"product_tag":[],"_links":{"self":[{"href":"https:\/\/casamouraacabamentos.com.br\/index.php\/wp-json\/wp\/v2\/product\/596"}],"collection":[{"href":"https:\/\/casamouraacabamentos.com.br\/index.php\/wp-json\/wp\/v2\/product"}],"about":[{"href":"https:\/\/casamouraacabamentos.com.br\/index.php\/wp-json\/wp\/v2\/types\/product"}],"wp:featuredmedia":[{"embeddable":true,"href":"https:\/\/casamouraacabamentos.com.br\/index.php\/wp-json\/wp\/v2\/media\/597"}],"wp:attachment":[{"href":"https:\/\/casamouraacabamentos.com.br\/index.php\/wp-json\/wp\/v2\/media?parent=596"}],"wp:term":[{"taxonomy":"product_cat","embeddable":true,"href":"https:\/\/casamouraacabamentos.com.br\/index.php\/wp-json\/wp\/v2\/product_cat?post=596"},{"taxonomy":"product_tag","embeddable":true,"href":"https:\/\/casamouraacabamentos.com.br\/index.php\/wp-json\/wp\/v2\/product_tag?post=596"}],"curies":[{"name":"wp","href":"https:\/\/api.w.org\/{rel}","templated":true}]}}