{"id":600,"date":"2024-04-03T16:38:01","date_gmt":"2024-04-03T19:38:01","guid":{"rendered":"https:\/\/casamouraacabamentos.com.br\/?post_type=product&#038;p=600"},"modified":"2024-12-27T09:39:29","modified_gmt":"2024-12-27T12:39:29","slug":"viapol-viaplus-top-cx-18-k","status":"publish","type":"product","link":"https:\/\/casamouraacabamentos.com.br\/index.php\/produto\/viapol-viaplus-top-cx-18-k\/","title":{"rendered":"VIAPOL VIAPLUS TOP CX 18 K"},"content":{"rendered":"<p>Revestimento impermeabilizante, semi-flex\u00edvel, bicomponente (A+B), \u00e0 base de cimentos especiais, aditivos minerais e pol\u00edmeros de excelentes caracter\u00edsticas impermeabilizantes.<\/p>\n<h1 role=\"heading\" data-uw-rm-heading=\"level\"><strong>UTILIZA\u00c7\u00c3O<\/strong><\/h1>\n<ul>\n<li>Impermeabiliza\u00e7\u00e3o de subsolos, cortinas, po\u00e7os de elevadores;<\/li>\n<li>Muros de arrimo concreto, baldrames, funda\u00e7\u00f5es, alicerces, paredes internas e externas;<\/li>\n<li>Reservat\u00f3rio de \u00e1gua pot\u00e1vel enterrado;<\/li>\n<li>Sauna \u00famida;<\/li>\n<li>Pisos frios em contato com o solo;<\/li>\n<li>Estruturas sujeitas a infiltra\u00e7\u00e3o do len\u00e7ol fre\u00e1tico;<\/li>\n<li>Sistema duplo\u00a0<strong>Viaplus Top<\/strong>\u00a0e\u00a0<strong>Viaplus 7000<\/strong>\u00a0ou\u00a0<strong>Viaplus 5000<\/strong>\u00a0estruturada com tela de poli\u00e9ster\u00a0<strong>Mantex<sup>\u00ae<\/sup><\/strong>\u00a0para reservat\u00f3rio de \u00e1gua pot\u00e1vel apoiado e elevado;<\/li>\n<li>Sistema duplo\u00a0<strong>Viaplus Top<\/strong>\u00a0e\u00a0<strong>Viaplus 7000<\/strong>\u00a0para piscinas em concreto enterradas\/ espelhos d\u2019agua enterrados;<\/li>\n<li>\u00c1reas molhadas e molh\u00e1veis em contato com o solo como banheiros, cozinhas, lavanderias, \u00e1reas de servi\u00e7os e lavabos<\/li>\n<\/ul>\n<p><strong>Consultar condi\u00e7\u00f5es valor parcelado.<\/strong><\/p>\n","protected":false},"excerpt":{"rendered":"<p>Revestimento impermeabilizante, semi-flex\u00edvel, bicomponente (A+B), \u00e0 base de cimentos especiais, aditivos minerais e pol\u00edmeros de excelentes caracter\u00edsticas impermeabilizantes. UTILIZA\u00c7\u00c3O Impermeabiliza\u00e7\u00e3o&hellip;<\/p>\n","protected":false},"featured_media":601,"template":"","meta":[],"product_cat":[35],"product_tag":[],"_links":{"self":[{"href":"https:\/\/casamouraacabamentos.com.br\/index.php\/wp-json\/wp\/v2\/product\/600"}],"collection":[{"href":"https:\/\/casamouraacabamentos.com.br\/index.php\/wp-json\/wp\/v2\/product"}],"about":[{"href":"https:\/\/casamouraacabamentos.com.br\/index.php\/wp-json\/wp\/v2\/types\/product"}],"wp:featuredmedia":[{"embeddable":true,"href":"https:\/\/casamouraacabamentos.com.br\/index.php\/wp-json\/wp\/v2\/media\/601"}],"wp:attachment":[{"href":"https:\/\/casamouraacabamentos.com.br\/index.php\/wp-json\/wp\/v2\/media?parent=600"}],"wp:term":[{"taxonomy":"product_cat","embeddable":true,"href":"https:\/\/casamouraacabamentos.com.br\/index.php\/wp-json\/wp\/v2\/product_cat?post=600"},{"taxonomy":"product_tag","embeddable":true,"href":"https:\/\/casamouraacabamentos.com.br\/index.php\/wp-json\/wp\/v2\/product_tag?post=600"}],"curies":[{"name":"wp","href":"https:\/\/api.w.org\/{rel}","templated":true}]}}