{"id":605,"date":"2024-04-03T17:16:51","date_gmt":"2024-04-03T20:16:51","guid":{"rendered":"https:\/\/casamouraacabamentos.com.br\/?post_type=product&#038;p=605"},"modified":"2024-12-27T09:06:06","modified_gmt":"2024-12-27T12:06:06","slug":"blukit-borracha-de-vedacao-p-cx-acoplar","status":"publish","type":"product","link":"https:\/\/casamouraacabamentos.com.br\/index.php\/produto\/blukit-borracha-de-vedacao-p-cx-acoplar\/","title":{"rendered":"BLUKIT BORRACHA DE VEDACAO P\/ CX ACOPLAR"},"content":{"rendered":"<p>De f\u00e1cil instala\u00e7\u00e3o e flex\u00edvel na medida, o anel de veda\u00e7\u00e3o para vaso sanit\u00e1rio Blukit veda a liga\u00e7\u00e3o do vaso sanit\u00e1rio com a tubula\u00e7\u00e3o de esgoto, evitando vazamentos de l\u00edquidos e o mau cheiro.<\/p>\n<p>&nbsp;<\/p>\n<p>&nbsp;<\/p>\n<div class=\"woocommerce-tabs wc-tabs-wrapper\">\n<div id=\"tab-description\" class=\"woocommerce-Tabs-panel woocommerce-Tabs-panel--description panel entry-content wc-tab\" role=\"tabpanel\" aria-labelledby=\"tab-title-description\">\n<p><strong>Consultar condi\u00e7\u00f5es valor parcelado.<\/strong><\/p>\n<\/div>\n<\/div>\n","protected":false},"excerpt":{"rendered":"<p>De f\u00e1cil instala\u00e7\u00e3o e flex\u00edvel na medida, o anel de veda\u00e7\u00e3o para vaso sanit\u00e1rio Blukit veda a liga\u00e7\u00e3o do vaso&hellip;<\/p>\n","protected":false},"featured_media":606,"template":"","meta":[],"product_cat":[18,20],"product_tag":[],"_links":{"self":[{"href":"https:\/\/casamouraacabamentos.com.br\/index.php\/wp-json\/wp\/v2\/product\/605"}],"collection":[{"href":"https:\/\/casamouraacabamentos.com.br\/index.php\/wp-json\/wp\/v2\/product"}],"about":[{"href":"https:\/\/casamouraacabamentos.com.br\/index.php\/wp-json\/wp\/v2\/types\/product"}],"wp:featuredmedia":[{"embeddable":true,"href":"https:\/\/casamouraacabamentos.com.br\/index.php\/wp-json\/wp\/v2\/media\/606"}],"wp:attachment":[{"href":"https:\/\/casamouraacabamentos.com.br\/index.php\/wp-json\/wp\/v2\/media?parent=605"}],"wp:term":[{"taxonomy":"product_cat","embeddable":true,"href":"https:\/\/casamouraacabamentos.com.br\/index.php\/wp-json\/wp\/v2\/product_cat?post=605"},{"taxonomy":"product_tag","embeddable":true,"href":"https:\/\/casamouraacabamentos.com.br\/index.php\/wp-json\/wp\/v2\/product_tag?post=605"}],"curies":[{"name":"wp","href":"https:\/\/api.w.org\/{rel}","templated":true}]}}