{"id":610,"date":"2024-04-04T09:24:48","date_gmt":"2024-04-04T12:24:48","guid":{"rendered":"https:\/\/casamouraacabamentos.com.br\/?post_type=product&#038;p=610"},"modified":"2024-12-27T09:07:04","modified_gmt":"2024-12-27T12:07:04","slug":"blukit-conexao-maquina-lavar-sifao","status":"publish","type":"product","link":"https:\/\/casamouraacabamentos.com.br\/index.php\/produto\/blukit-conexao-maquina-lavar-sifao\/","title":{"rendered":"BLUKIT CONEXAO MAQUINA LAVAR &#8211; SIFAO"},"content":{"rendered":"<p>CONEX\u00c3O PARA M\u00c1QUINAS DE LAVAR ROUPA E LAVA LOU\u00c7A<br \/>\nTemperatura m\u00e1xima: 90 \u00b0C<br \/>\n*Produto vem com tamp\u00e3o<\/p>\n<p>&nbsp;<\/p>\n<p>&nbsp;<\/p>\n<p><strong>Consultar condi\u00e7\u00f5es valor parcelado.<\/strong><\/p>\n","protected":false},"excerpt":{"rendered":"<p>CONEX\u00c3O PARA M\u00c1QUINAS DE LAVAR ROUPA E LAVA LOU\u00c7A Temperatura m\u00e1xima: 90 \u00b0C *Produto vem com tamp\u00e3o &nbsp; &nbsp; Consultar&hellip;<\/p>\n","protected":false},"featured_media":611,"template":"","meta":[],"product_cat":[20],"product_tag":[],"_links":{"self":[{"href":"https:\/\/casamouraacabamentos.com.br\/index.php\/wp-json\/wp\/v2\/product\/610"}],"collection":[{"href":"https:\/\/casamouraacabamentos.com.br\/index.php\/wp-json\/wp\/v2\/product"}],"about":[{"href":"https:\/\/casamouraacabamentos.com.br\/index.php\/wp-json\/wp\/v2\/types\/product"}],"wp:featuredmedia":[{"embeddable":true,"href":"https:\/\/casamouraacabamentos.com.br\/index.php\/wp-json\/wp\/v2\/media\/611"}],"wp:attachment":[{"href":"https:\/\/casamouraacabamentos.com.br\/index.php\/wp-json\/wp\/v2\/media?parent=610"}],"wp:term":[{"taxonomy":"product_cat","embeddable":true,"href":"https:\/\/casamouraacabamentos.com.br\/index.php\/wp-json\/wp\/v2\/product_cat?post=610"},{"taxonomy":"product_tag","embeddable":true,"href":"https:\/\/casamouraacabamentos.com.br\/index.php\/wp-json\/wp\/v2\/product_tag?post=610"}],"curies":[{"name":"wp","href":"https:\/\/api.w.org\/{rel}","templated":true}]}}