{"id":618,"date":"2024-04-04T12:11:57","date_gmt":"2024-04-04T15:11:57","guid":{"rendered":"https:\/\/casamouraacabamentos.com.br\/?post_type=product&#038;p=618"},"modified":"2024-12-27T09:07:52","modified_gmt":"2024-12-27T12:07:52","slug":"blukit-obturador-de-saida-universal","status":"publish","type":"product","link":"https:\/\/casamouraacabamentos.com.br\/index.php\/produto\/blukit-obturador-de-saida-universal\/","title":{"rendered":"BLUKIT OBTURADOR DE SAIDA UNIVERSAL"},"content":{"rendered":"<p>O Mecanismo de Sa\u00edda para Caixa Acoplada \u00e9 instalado dentro da caixa acoplada e tem a finalidade de controlar o fluxo de sa\u00edda de \u00e1gua para dentro do vaso sanit\u00e1rio. O Mecanismo de Sa\u00edda para Caixa Acoplada \u00e9 aprovado nos testes de qualidade que asseguram sua veda\u00e7\u00e3o, funcionamento e resist\u00eancia. Adquirir produtos Blukit \u00e9 certeza de adquirir um produto de qualidade.<\/p>\n<p>&nbsp;<\/p>\n<p>&nbsp;<\/p>\n<p><strong>Consultar condi\u00e7\u00f5es valor parcelado.<\/strong><\/p>\n","protected":false},"excerpt":{"rendered":"<p>O Mecanismo de Sa\u00edda para Caixa Acoplada \u00e9 instalado dentro da caixa acoplada e tem a finalidade de controlar o&hellip;<\/p>\n","protected":false},"featured_media":619,"template":"","meta":[],"product_cat":[20],"product_tag":[],"_links":{"self":[{"href":"https:\/\/casamouraacabamentos.com.br\/index.php\/wp-json\/wp\/v2\/product\/618"}],"collection":[{"href":"https:\/\/casamouraacabamentos.com.br\/index.php\/wp-json\/wp\/v2\/product"}],"about":[{"href":"https:\/\/casamouraacabamentos.com.br\/index.php\/wp-json\/wp\/v2\/types\/product"}],"wp:featuredmedia":[{"embeddable":true,"href":"https:\/\/casamouraacabamentos.com.br\/index.php\/wp-json\/wp\/v2\/media\/619"}],"wp:attachment":[{"href":"https:\/\/casamouraacabamentos.com.br\/index.php\/wp-json\/wp\/v2\/media?parent=618"}],"wp:term":[{"taxonomy":"product_cat","embeddable":true,"href":"https:\/\/casamouraacabamentos.com.br\/index.php\/wp-json\/wp\/v2\/product_cat?post=618"},{"taxonomy":"product_tag","embeddable":true,"href":"https:\/\/casamouraacabamentos.com.br\/index.php\/wp-json\/wp\/v2\/product_tag?post=618"}],"curies":[{"name":"wp","href":"https:\/\/api.w.org\/{rel}","templated":true}]}}