{"id":622,"date":"2024-04-04T12:26:34","date_gmt":"2024-04-04T15:26:34","guid":{"rendered":"https:\/\/casamouraacabamentos.com.br\/?post_type=product&#038;p=622"},"modified":"2024-12-27T09:08:15","modified_gmt":"2024-12-27T12:08:15","slug":"blukit-sifao-universal-15m-branco","status":"publish","type":"product","link":"https:\/\/casamouraacabamentos.com.br\/index.php\/produto\/blukit-sifao-universal-15m-branco\/","title":{"rendered":"BLUKIT SIFAO UNIVERSAL 1,5M BRANCO"},"content":{"rendered":"<p>O sif\u00e3o tubo extensivo universal Blukit \u00e9 a melhor op\u00e7\u00e3o para quem busca um produto vers\u00e1til e pr\u00e1tico para escoamento de \u00e1guas servidas dos ambientes. Fabricado em polipropileno, um tipo de pl\u00e1stico ultrarresistente que suporta extremas temperaturas da \u00e1gua, com acabamento branco, cinza ou cromado e interior antiaderente, o uso correto assegura um ambiente livre dos odores do esgoto.<\/p>\n<p>&nbsp;<\/p>\n<p><strong>Consultar condi\u00e7\u00f5es valor parcelado.<\/strong><\/p>\n<p>&nbsp;<\/p>\n","protected":false},"excerpt":{"rendered":"<p>O sif\u00e3o tubo extensivo universal Blukit \u00e9 a melhor op\u00e7\u00e3o para quem busca um produto vers\u00e1til e pr\u00e1tico para escoamento&hellip;<\/p>\n","protected":false},"featured_media":623,"template":"","meta":[],"product_cat":[20],"product_tag":[],"_links":{"self":[{"href":"https:\/\/casamouraacabamentos.com.br\/index.php\/wp-json\/wp\/v2\/product\/622"}],"collection":[{"href":"https:\/\/casamouraacabamentos.com.br\/index.php\/wp-json\/wp\/v2\/product"}],"about":[{"href":"https:\/\/casamouraacabamentos.com.br\/index.php\/wp-json\/wp\/v2\/types\/product"}],"wp:featuredmedia":[{"embeddable":true,"href":"https:\/\/casamouraacabamentos.com.br\/index.php\/wp-json\/wp\/v2\/media\/623"}],"wp:attachment":[{"href":"https:\/\/casamouraacabamentos.com.br\/index.php\/wp-json\/wp\/v2\/media?parent=622"}],"wp:term":[{"taxonomy":"product_cat","embeddable":true,"href":"https:\/\/casamouraacabamentos.com.br\/index.php\/wp-json\/wp\/v2\/product_cat?post=622"},{"taxonomy":"product_tag","embeddable":true,"href":"https:\/\/casamouraacabamentos.com.br\/index.php\/wp-json\/wp\/v2\/product_tag?post=622"}],"curies":[{"name":"wp","href":"https:\/\/api.w.org\/{rel}","templated":true}]}}