{"id":631,"date":"2024-04-04T12:45:10","date_gmt":"2024-04-04T15:45:10","guid":{"rendered":"https:\/\/casamouraacabamentos.com.br\/?post_type=product&#038;p=631"},"modified":"2024-12-27T09:39:19","modified_gmt":"2024-12-27T12:39:19","slug":"blukit-sifao-universal-duplo-branco","status":"publish","type":"product","link":"https:\/\/casamouraacabamentos.com.br\/index.php\/produto\/blukit-sifao-universal-duplo-branco\/","title":{"rendered":"BLUKIT SIFAO UNIVERSAL DUPLO  BRANCO"},"content":{"rendered":"<p>O sif\u00e3o tubo extensivo duplo universal Blukit \u00e9 a melhor op\u00e7\u00e3o para quem busca um produto vers\u00e1til e pr\u00e1tico para escoamento de \u00e1guas servidas dos ambientes com cubas duplas. Fabricado em polipropileno, um tipo de pl\u00e1stico ultrarresistente que suporta extremas temperaturas da \u00e1gua, com acabamento branco, cinza ou cromado e interior antiaderente, o uso correto assegura um ambiente livre dos odores do esgoto. O corpo totalmente sifonado permite ajustes entre diferen\u00e7as de altura e dist\u00e2ncia entre o ponto de esgoto e a cuba.<\/p>\n<p>&nbsp;<\/p>\n<h6>IMAGENS ILUSTRATIVAS<\/h6>\n<p><strong>Consultar condi\u00e7\u00f5es valor parcelado.<\/strong><\/p>\n","protected":false},"excerpt":{"rendered":"<p>O sif\u00e3o tubo extensivo duplo universal Blukit \u00e9 a melhor op\u00e7\u00e3o para quem busca um produto vers\u00e1til e pr\u00e1tico para&hellip;<\/p>\n","protected":false},"featured_media":928,"template":"","meta":[],"product_cat":[20],"product_tag":[],"_links":{"self":[{"href":"https:\/\/casamouraacabamentos.com.br\/index.php\/wp-json\/wp\/v2\/product\/631"}],"collection":[{"href":"https:\/\/casamouraacabamentos.com.br\/index.php\/wp-json\/wp\/v2\/product"}],"about":[{"href":"https:\/\/casamouraacabamentos.com.br\/index.php\/wp-json\/wp\/v2\/types\/product"}],"wp:featuredmedia":[{"embeddable":true,"href":"https:\/\/casamouraacabamentos.com.br\/index.php\/wp-json\/wp\/v2\/media\/928"}],"wp:attachment":[{"href":"https:\/\/casamouraacabamentos.com.br\/index.php\/wp-json\/wp\/v2\/media?parent=631"}],"wp:term":[{"taxonomy":"product_cat","embeddable":true,"href":"https:\/\/casamouraacabamentos.com.br\/index.php\/wp-json\/wp\/v2\/product_cat?post=631"},{"taxonomy":"product_tag","embeddable":true,"href":"https:\/\/casamouraacabamentos.com.br\/index.php\/wp-json\/wp\/v2\/product_tag?post=631"}],"curies":[{"name":"wp","href":"https:\/\/api.w.org\/{rel}","templated":true}]}}