{"id":647,"date":"2024-04-04T14:43:50","date_gmt":"2024-04-04T17:43:50","guid":{"rendered":"https:\/\/casamouraacabamentos.com.br\/?post_type=product&#038;p=647"},"modified":"2024-12-27T09:38:38","modified_gmt":"2024-12-27T12:38:38","slug":"zagonel-ducha-ducali-127v-elet-black","status":"publish","type":"product","link":"https:\/\/casamouraacabamentos.com.br\/index.php\/produto\/zagonel-ducha-ducali-127v-elet-black\/","title":{"rendered":"ZAGONEL DUCHA DUCALI 127V ELET BLACK"},"content":{"rendered":"<p>A Ducha Ducali Black recebeu esse nome em refer\u00eancia ao pal\u00e1cio Ducal, uma obra-prima arquitet\u00f4nica, situado em Veneza, cidade famosa pelos seus canais e cenas culturais. Aliando tecnologia de ponta, com design, pesquisa e desenvolvimento, o resultado \u00e9 uma ducha que proporciona uma experi\u00eancia \u00fanica de banho, com um grande espalhador, o que permite uma excelente vaz\u00e3o de \u00e1gua. Sistema microprocessado de ajuste de temperatura progressiva que fornece a temperatura ideal, garantindo o conforto e a praticidade que voc\u00ea merece.<\/p>\n<p>&nbsp;<\/p>\n<ul class=\"MulishRegular p-0 color-515151 font-14\">\n<li><img decoding=\"async\" src=\"https:\/\/api.zagonel.com.br\/uploads\/grande_espalhador.png\" alt=\"\" \/>Grande espalhador: Projetado para uma nova experi\u00eancia de banho<\/li>\n<li><img decoding=\"async\" src=\"https:\/\/api.zagonel.com.br\/uploads\/jato_obediente_D.png\" alt=\"\" \/>Jato Obediente: Proporciona um banho mais confort\u00e1vel para toda fam\u00edlia<\/li>\n<li><img decoding=\"async\" src=\"https:\/\/api.zagonel.com.br\/uploads\/espalhador_de_silicone.png\" alt=\"\" \/>Espalhador de silicone: Limpe com as m\u00e3os, sem desmontar o produto<\/li>\n<li><img decoding=\"async\" src=\"https:\/\/api.zagonel.com.br\/uploads\/f%C3%A1cil_troca_de_resist%C3%AAncia_D.png\" alt=\"\" \/>F\u00e1cil troca de resist\u00eancia: N\u00e3o precisa tirar o produto da parede<\/li>\n<li><img decoding=\"async\" src=\"https:\/\/api.zagonel.com.br\/uploads\/angulo_de_instala%C3%A7%C3%A3o.png\" alt=\"\" \/>\u00c2ngulo de instala\u00e7\u00e3o: Regulagem para ajuste da inclina\u00e7\u00e3o da ducha<\/li>\n<li><img decoding=\"async\" src=\"https:\/\/api.zagonel.com.br\/uploads\/temperatura_progressiva.png\" alt=\"\" \/>Temperatura progressiva: Ajuste gradual<\/li>\n<li><img decoding=\"async\" src=\"https:\/\/api.zagonel.com.br\/uploads\/led_indicador_temp.png\" alt=\"\" \/>LED indicador de temperatura<\/li>\n<li><img decoding=\"async\" src=\"https:\/\/api.zagonel.com.br\/uploads\/f%C3%A1cil_instala%C3%A7%C3%A3o.png\" alt=\"\" \/>F\u00e1cil instala\u00e7\u00e3o: Sistema de engate r\u00e1pido<\/li>\n<li><img decoding=\"async\" src=\"https:\/\/api.zagonel.com.br\/uploads\/12_meses_garantia.png\" alt=\"\" \/>12 meses de garantia<\/li>\n<li><img decoding=\"async\" src=\"https:\/\/api.zagonel.com.br\/uploads\/3_meses_garantia.png\" alt=\"\" \/>Resist\u00eancia com 3 meses de garantia<\/li>\n<li><img decoding=\"async\" src=\"https:\/\/api.zagonel.com.br\/uploads\/compat_sistema_prote%C3%A7%C3%A3o_DR.png\" alt=\"\" \/>Compat\u00edvel com sistema de prote\u00e7\u00e3o DR<\/li>\n<li><img decoding=\"async\" src=\"https:\/\/api.zagonel.com.br\/uploads\/compat_sistema_solar_e_g%C3%A1s.png\" alt=\"\" \/>Compat\u00edvel com sistema solar e a g\u00e1s<\/li>\n<li><img decoding=\"async\" src=\"https:\/\/api.zagonel.com.br\/uploads\/Fabricado_no_Brasil.png\" alt=\"\" \/>Fabricado no Brasil<\/li>\n<li><img decoding=\"async\" src=\"https:\/\/api.zagonel.com.br\/uploads\/Sistema_de_prote%C3%A7%C3%A3o_contra_choque.png\" alt=\"\" \/>Sistema de prote\u00e7\u00e3o contra choque<\/li>\n<li><img decoding=\"async\" src=\"https:\/\/api.zagonel.com.br\/uploads\/1_mca_press%C3%A3o.png\" alt=\"\" \/>Acionamento com baixa press\u00e3o d&#8217;\u00e1gua (1 m.c.a.)<\/li>\n<\/ul>\n<p>&nbsp;<\/p>\n<p>&nbsp;<\/p>\n<p>&nbsp;<\/p>\n<p>&nbsp;<\/p>\n<p>&nbsp;<\/p>\n<p>&nbsp;<\/p>\n<p>&nbsp;<\/p>\n<div class=\"woocommerce-tabs wc-tabs-wrapper\">\n<div id=\"tab-description\" class=\"woocommerce-Tabs-panel woocommerce-Tabs-panel--description panel entry-content wc-tab\" role=\"tabpanel\" aria-labelledby=\"tab-title-description\">\n<p><strong>Consultar condi\u00e7\u00f5es valor parcelado.<\/strong><\/p>\n<\/div>\n<\/div>\n","protected":false},"excerpt":{"rendered":"<p>A Ducha Ducali Black recebeu esse nome em refer\u00eancia ao pal\u00e1cio Ducal, uma obra-prima arquitet\u00f4nica, situado em Veneza, cidade famosa&hellip;<\/p>\n","protected":false},"featured_media":648,"template":"","meta":[],"product_cat":[19],"product_tag":[],"_links":{"self":[{"href":"https:\/\/casamouraacabamentos.com.br\/index.php\/wp-json\/wp\/v2\/product\/647"}],"collection":[{"href":"https:\/\/casamouraacabamentos.com.br\/index.php\/wp-json\/wp\/v2\/product"}],"about":[{"href":"https:\/\/casamouraacabamentos.com.br\/index.php\/wp-json\/wp\/v2\/types\/product"}],"wp:featuredmedia":[{"embeddable":true,"href":"https:\/\/casamouraacabamentos.com.br\/index.php\/wp-json\/wp\/v2\/media\/648"}],"wp:attachment":[{"href":"https:\/\/casamouraacabamentos.com.br\/index.php\/wp-json\/wp\/v2\/media?parent=647"}],"wp:term":[{"taxonomy":"product_cat","embeddable":true,"href":"https:\/\/casamouraacabamentos.com.br\/index.php\/wp-json\/wp\/v2\/product_cat?post=647"},{"taxonomy":"product_tag","embeddable":true,"href":"https:\/\/casamouraacabamentos.com.br\/index.php\/wp-json\/wp\/v2\/product_tag?post=647"}],"curies":[{"name":"wp","href":"https:\/\/api.w.org\/{rel}","templated":true}]}}