{"id":658,"date":"2024-04-04T14:59:34","date_gmt":"2024-04-04T17:59:34","guid":{"rendered":"https:\/\/casamouraacabamentos.com.br\/?post_type=product&#038;p=658"},"modified":"2024-12-27T09:38:00","modified_gmt":"2024-12-27T12:38:00","slug":"zagonel-ducha-ideale-plus-4t-127v-5500w","status":"publish","type":"product","link":"https:\/\/casamouraacabamentos.com.br\/index.php\/produto\/zagonel-ducha-ideale-plus-4t-127v-5500w\/","title":{"rendered":"ZAGONEL DUCHA IDEALE PLUS 4T 127V \/ 220v 5500W"},"content":{"rendered":"<div class=\"mb-4\">\n<p class=\"MulishRegular color-515151 font-14\">A ducha Ideal para seu dia a dia, oferece quatro temperaturas diferentes e proporciona um banho agrad\u00e1vel em qualquer esta\u00e7\u00e3o do ano.<\/p>\n<\/div>\n<div class=\"mb-4\">\n<ul class=\"MulishRegular pl-4 color-515151 font-14\">\n<li class=\"dots-li\">220V &#8211; 6800W<\/li>\n<li class=\"dots-li\">127V &#8211; 5500W<\/li>\n<\/ul>\n<\/div>\n<div class=\"icons-grid mt-5\">\n<ul class=\"MulishRegular p-0 color-515151 font-14\">\n<li><img decoding=\"async\" src=\"https:\/\/api.zagonel.com.br\/uploads\/4_temperaturas.png\" alt=\"\" \/>4 temperaturas<\/li>\n<li><img decoding=\"async\" src=\"https:\/\/api.zagonel.com.br\/uploads\/%C3%B3tima_vaz%C3%A3o.png\" alt=\"\" \/>\u00d3tima vaz\u00e3o d&#8217;\u00e1gua para o seu banho<\/li>\n<li><img decoding=\"async\" src=\"https:\/\/api.zagonel.com.br\/uploads\/nova_chave_seletora.png\" alt=\"\" \/>Nova chave seletora, escolha a temperatura com mais facilidade<\/li>\n<li><img decoding=\"async\" src=\"https:\/\/api.zagonel.com.br\/uploads\/1_mca_press%C3%A3o.png\" alt=\"\" \/>Acionamento com baixa press\u00e3o d&#8217;\u00e1gua (1 m.c.a.)<\/li>\n<li><img decoding=\"async\" src=\"https:\/\/api.zagonel.com.br\/uploads\/12_meses_garantia.png\" alt=\"\" \/>12 meses de garantia<\/li>\n<li><img decoding=\"async\" src=\"https:\/\/api.zagonel.com.br\/uploads\/3_meses_garantia.png\" alt=\"\" \/>Resist\u00eancia com 3 meses garantia<\/li>\n<li><img decoding=\"async\" src=\"https:\/\/api.zagonel.com.br\/uploads\/compat_sistema_prote%C3%A7%C3%A3o_DR.png\" alt=\"\" \/>Compat\u00edvel com sistema de prote\u00e7\u00e3o DR<\/li>\n<li><img decoding=\"async\" src=\"https:\/\/api.zagonel.com.br\/uploads\/compat_sistema_solar_e_g%C3%A1s.png\" alt=\"\" \/>Compat\u00edvel com sistema solar e a g\u00e1s<\/li>\n<li><img decoding=\"async\" src=\"https:\/\/api.zagonel.com.br\/uploads\/Fabricado_no_Brasil.png\" alt=\"\" \/>Fabricado no Brasil<\/li>\n<li><img decoding=\"async\" src=\"https:\/\/api.zagonel.com.br\/uploads\/Sistema_de_prote%C3%A7%C3%A3o_contra_choque.png\" alt=\"\" \/>Sistema de prote\u00e7\u00e3o contra choque<\/li>\n<\/ul>\n<\/div>\n<p>&nbsp;<\/p>\n<p>&nbsp;<\/p>\n<p><strong>Consultar condi\u00e7\u00f5es valor parcelado.<\/strong><\/p>\n","protected":false},"excerpt":{"rendered":"<p>A ducha Ideal para seu dia a dia, oferece quatro temperaturas diferentes e proporciona um banho agrad\u00e1vel em qualquer esta\u00e7\u00e3o&hellip;<\/p>\n","protected":false},"featured_media":659,"template":"","meta":[],"product_cat":[19],"product_tag":[],"_links":{"self":[{"href":"https:\/\/casamouraacabamentos.com.br\/index.php\/wp-json\/wp\/v2\/product\/658"}],"collection":[{"href":"https:\/\/casamouraacabamentos.com.br\/index.php\/wp-json\/wp\/v2\/product"}],"about":[{"href":"https:\/\/casamouraacabamentos.com.br\/index.php\/wp-json\/wp\/v2\/types\/product"}],"wp:featuredmedia":[{"embeddable":true,"href":"https:\/\/casamouraacabamentos.com.br\/index.php\/wp-json\/wp\/v2\/media\/659"}],"wp:attachment":[{"href":"https:\/\/casamouraacabamentos.com.br\/index.php\/wp-json\/wp\/v2\/media?parent=658"}],"wp:term":[{"taxonomy":"product_cat","embeddable":true,"href":"https:\/\/casamouraacabamentos.com.br\/index.php\/wp-json\/wp\/v2\/product_cat?post=658"},{"taxonomy":"product_tag","embeddable":true,"href":"https:\/\/casamouraacabamentos.com.br\/index.php\/wp-json\/wp\/v2\/product_tag?post=658"}],"curies":[{"name":"wp","href":"https:\/\/api.w.org\/{rel}","templated":true}]}}