{"id":662,"date":"2024-04-04T15:10:01","date_gmt":"2024-04-04T18:10:01","guid":{"rendered":"https:\/\/casamouraacabamentos.com.br\/?post_type=product&#038;p=662"},"modified":"2024-12-27T09:37:52","modified_gmt":"2024-12-27T12:37:52","slug":"zagonel-ducha-moment-eletron-127v-5500w","status":"publish","type":"product","link":"https:\/\/casamouraacabamentos.com.br\/index.php\/produto\/zagonel-ducha-moment-eletron-127v-5500w\/","title":{"rendered":"ZAGONEL DUCHA MOMENT ELETRON 127V 5500W"},"content":{"rendered":"<div class=\"mb-4\">\n<p><strong>Consultar condi\u00e7\u00f5es valor parcelado.<\/strong><\/p>\n<p class=\"MulishRegular color-515151 font-14\">Com design moderno e linhas que remetem a identidade da Zagonel, a ducha Moment possui temperatura progressiva e jato com grande vaz\u00e3o de \u00e1gua, foi pensada para proporcionar uma experi\u00eancia de banho relaxante e revigorante para todos os momentos do seu dia.<\/p>\n<\/div>\n<div class=\"mb-4\">\n<ul class=\"MulishRegular pl-4 color-515151 font-14\">\n<li class=\"dots-li\">220V &#8211; 7500W<\/li>\n<li class=\"dots-li\">127V &#8211; 5500W<\/li>\n<\/ul>\n<\/div>\n<div class=\"icons-grid mt-5\">\n<ul class=\"MulishRegular p-0 color-515151 font-14\">\n<li><img decoding=\"async\" src=\"https:\/\/api.zagonel.com.br\/uploads\/%C3%93tima_Vaz%C3%A3o_de_%C3%81gua_para_o_seu_Banho.png\" alt=\"\" \/>\u00d3tima Vaz\u00e3o de \u00c1gua para o seu Banho<\/li>\n<li><img decoding=\"async\" src=\"https:\/\/api.zagonel.com.br\/uploads\/Regulagem_da_Temperatura_ao_Alcance_das_M%C3%A3os.png\" alt=\"\" \/>Regulagem da Temperatura ao Alcance das M\u00e3os<\/li>\n<li><img decoding=\"async\" src=\"https:\/\/api.zagonel.com.br\/uploads\/Instala%C3%A7%C3%A3o_R%C3%A1pida_e_Econ%C3%B4mica_-_Sem_Cano.png\" alt=\"\" \/>Instala\u00e7\u00e3o R\u00e1pida e Econ\u00f4mica &#8211; Sem Cano<\/li>\n<li><img decoding=\"async\" src=\"https:\/\/api.zagonel.com.br\/uploads\/F%C3%A1cil_troca_de_resist%C3%AAncia.png\" alt=\"\" \/>F\u00e1cil troca de resist\u00eancia<\/li>\n<li><img decoding=\"async\" src=\"https:\/\/api.zagonel.com.br\/uploads\/Acabamento_Clean.png\" alt=\"\" \/>Acabamento Clean<\/li>\n<li><img decoding=\"async\" src=\"https:\/\/api.zagonel.com.br\/uploads\/Pronto_para_o_uso.png\" alt=\"\" \/>Pronto para o uso<\/li>\n<li><img decoding=\"async\" src=\"https:\/\/api.zagonel.com.br\/uploads\/1_mca_press%C3%A3o.png\" alt=\"\" \/>Acionamento com baixa press\u00e3o d&#8217;\u00e1gua (1 m.c.a.)<\/li>\n<li><img decoding=\"async\" src=\"https:\/\/api.zagonel.com.br\/uploads\/12_meses_garantia.png\" alt=\"\" \/>12 meses de garantia<\/li>\n<li><img decoding=\"async\" src=\"https:\/\/api.zagonel.com.br\/uploads\/3_meses_garantia.png\" alt=\"\" \/>Resist\u00eancia com 3 meses garantia<\/li>\n<li><img decoding=\"async\" src=\"https:\/\/api.zagonel.com.br\/uploads\/compat_sistema_prote%C3%A7%C3%A3o_DR.png\" alt=\"\" \/>Compat\u00edvel com sistema de prote\u00e7\u00e3o DR<\/li>\n<li><img decoding=\"async\" src=\"https:\/\/api.zagonel.com.br\/uploads\/compat_sistema_solar_e_g%C3%A1s.png\" alt=\"\" \/>Compat\u00edvel com sistema solar e a g\u00e1s<\/li>\n<li><img decoding=\"async\" src=\"https:\/\/api.zagonel.com.br\/uploads\/Fabricado_no_Brasil.png\" alt=\"\" \/>Fabricado no Brasil<\/li>\n<li><img decoding=\"async\" src=\"https:\/\/api.zagonel.com.br\/uploads\/Sistema_de_prote%C3%A7%C3%A3o_contra_choque.png\" alt=\"\" \/>Sistema de prote\u00e7\u00e3o contra choque<\/li>\n<\/ul>\n<\/div>\n<p>&nbsp;<\/p>\n<p>&nbsp;<\/p>\n<div class=\"woocommerce-tabs wc-tabs-wrapper\">\n<div id=\"tab-description\" class=\"woocommerce-Tabs-panel woocommerce-Tabs-panel--description panel entry-content wc-tab\" role=\"tabpanel\" aria-labelledby=\"tab-title-description\">\n<p>&nbsp;<\/p>\n<\/div>\n<\/div>\n","protected":false},"excerpt":{"rendered":"<p>Consultar condi\u00e7\u00f5es valor parcelado. Com design moderno e linhas que remetem a identidade da Zagonel, a ducha Moment possui temperatura&hellip;<\/p>\n","protected":false},"featured_media":663,"template":"","meta":[],"product_cat":[18],"product_tag":[],"_links":{"self":[{"href":"https:\/\/casamouraacabamentos.com.br\/index.php\/wp-json\/wp\/v2\/product\/662"}],"collection":[{"href":"https:\/\/casamouraacabamentos.com.br\/index.php\/wp-json\/wp\/v2\/product"}],"about":[{"href":"https:\/\/casamouraacabamentos.com.br\/index.php\/wp-json\/wp\/v2\/types\/product"}],"wp:featuredmedia":[{"embeddable":true,"href":"https:\/\/casamouraacabamentos.com.br\/index.php\/wp-json\/wp\/v2\/media\/663"}],"wp:attachment":[{"href":"https:\/\/casamouraacabamentos.com.br\/index.php\/wp-json\/wp\/v2\/media?parent=662"}],"wp:term":[{"taxonomy":"product_cat","embeddable":true,"href":"https:\/\/casamouraacabamentos.com.br\/index.php\/wp-json\/wp\/v2\/product_cat?post=662"},{"taxonomy":"product_tag","embeddable":true,"href":"https:\/\/casamouraacabamentos.com.br\/index.php\/wp-json\/wp\/v2\/product_tag?post=662"}],"curies":[{"name":"wp","href":"https:\/\/api.w.org\/{rel}","templated":true}]}}