{"id":687,"date":"2024-04-05T15:18:40","date_gmt":"2024-04-05T18:18:40","guid":{"rendered":"https:\/\/casamouraacabamentos.com.br\/?post_type=product&#038;p=687"},"modified":"2024-12-27T09:36:31","modified_gmt":"2024-12-27T12:36:31","slug":"torneira-chef-giratoria-parede-talita","status":"publish","type":"product","link":"https:\/\/casamouraacabamentos.com.br\/index.php\/produto\/torneira-chef-giratoria-parede-talita\/","title":{"rendered":"TORNEIRA CHEF GIRAT\u00d3RIA PAREDE TALITA"},"content":{"rendered":"<p>Nossa linha Chef \u00e9 digna de grandes inven\u00e7\u00f5es na culin\u00e1ria, onde podemos deixar nossa imagina\u00e7\u00e3o fluir e nos sentirmos realmente chefes de cozinha! Al\u00e9m disso, sua altura foi projetada pensando em uma maior otimiza\u00e7\u00e3o do espa\u00e7o da cuba.<\/p>\n<p>&nbsp;<\/p>\n<p><strong>Consultar condi\u00e7\u00f5es valor parcelado.<\/strong><\/p>\n","protected":false},"excerpt":{"rendered":"<p>Nossa linha Chef \u00e9 digna de grandes inven\u00e7\u00f5es na culin\u00e1ria, onde podemos deixar nossa imagina\u00e7\u00e3o fluir e nos sentirmos realmente&hellip;<\/p>\n","protected":false},"featured_media":688,"template":"","meta":[],"product_cat":[36],"product_tag":[],"_links":{"self":[{"href":"https:\/\/casamouraacabamentos.com.br\/index.php\/wp-json\/wp\/v2\/product\/687"}],"collection":[{"href":"https:\/\/casamouraacabamentos.com.br\/index.php\/wp-json\/wp\/v2\/product"}],"about":[{"href":"https:\/\/casamouraacabamentos.com.br\/index.php\/wp-json\/wp\/v2\/types\/product"}],"wp:featuredmedia":[{"embeddable":true,"href":"https:\/\/casamouraacabamentos.com.br\/index.php\/wp-json\/wp\/v2\/media\/688"}],"wp:attachment":[{"href":"https:\/\/casamouraacabamentos.com.br\/index.php\/wp-json\/wp\/v2\/media?parent=687"}],"wp:term":[{"taxonomy":"product_cat","embeddable":true,"href":"https:\/\/casamouraacabamentos.com.br\/index.php\/wp-json\/wp\/v2\/product_cat?post=687"},{"taxonomy":"product_tag","embeddable":true,"href":"https:\/\/casamouraacabamentos.com.br\/index.php\/wp-json\/wp\/v2\/product_tag?post=687"}],"curies":[{"name":"wp","href":"https:\/\/api.w.org\/{rel}","templated":true}]}}