{"id":694,"date":"2024-04-05T16:23:43","date_gmt":"2024-04-05T19:23:43","guid":{"rendered":"https:\/\/casamouraacabamentos.com.br\/?post_type=product&#038;p=694"},"modified":"2024-12-27T09:36:14","modified_gmt":"2024-12-27T12:36:14","slug":"torneira-mesa-slim-1-4v-talita","status":"publish","type":"product","link":"https:\/\/casamouraacabamentos.com.br\/index.php\/produto\/torneira-mesa-slim-1-4v-talita\/","title":{"rendered":"TORNEIRA MESA SLIM 1\/4V TALITA"},"content":{"rendered":"<p>TORNEIRA ELEGANCE SLIM GIRAT\u00d3RIA LAVAT\u00d3RIO OU COZINHA BANCADA<\/p>\n<p>Altura:33 cm<\/p>\n<p>Largura:14 cm<\/p>\n<p>Marca: Talita Metais<\/p>\n<p>Modelo: Elegance Slim<\/p>\n<p>Refer\u00eancia: 4050<\/p>\n<p>&nbsp;<\/p>\n<p><strong>Consultar condi\u00e7\u00f5es valor parcelado.<\/strong><\/p>\n","protected":false},"excerpt":{"rendered":"<p>TORNEIRA ELEGANCE SLIM GIRAT\u00d3RIA LAVAT\u00d3RIO OU COZINHA BANCADA Altura:33 cm Largura:14 cm Marca: Talita Metais Modelo: Elegance Slim Refer\u00eancia: 4050&hellip;<\/p>\n","protected":false},"featured_media":695,"template":"","meta":[],"product_cat":[36],"product_tag":[],"_links":{"self":[{"href":"https:\/\/casamouraacabamentos.com.br\/index.php\/wp-json\/wp\/v2\/product\/694"}],"collection":[{"href":"https:\/\/casamouraacabamentos.com.br\/index.php\/wp-json\/wp\/v2\/product"}],"about":[{"href":"https:\/\/casamouraacabamentos.com.br\/index.php\/wp-json\/wp\/v2\/types\/product"}],"wp:featuredmedia":[{"embeddable":true,"href":"https:\/\/casamouraacabamentos.com.br\/index.php\/wp-json\/wp\/v2\/media\/695"}],"wp:attachment":[{"href":"https:\/\/casamouraacabamentos.com.br\/index.php\/wp-json\/wp\/v2\/media?parent=694"}],"wp:term":[{"taxonomy":"product_cat","embeddable":true,"href":"https:\/\/casamouraacabamentos.com.br\/index.php\/wp-json\/wp\/v2\/product_cat?post=694"},{"taxonomy":"product_tag","embeddable":true,"href":"https:\/\/casamouraacabamentos.com.br\/index.php\/wp-json\/wp\/v2\/product_tag?post=694"}],"curies":[{"name":"wp","href":"https:\/\/api.w.org\/{rel}","templated":true}]}}