{"id":696,"date":"2024-04-05T16:28:38","date_gmt":"2024-04-05T19:28:38","guid":{"rendered":"https:\/\/casamouraacabamentos.com.br\/?post_type=product&#038;p=696"},"modified":"2024-12-27T09:36:09","modified_gmt":"2024-12-27T12:36:09","slug":"ducha-higienica-soft-1-4-v-talita","status":"publish","type":"product","link":"https:\/\/casamouraacabamentos.com.br\/index.php\/produto\/ducha-higienica-soft-1-4-v-talita\/","title":{"rendered":"DUCHA HIGIENICA SOFT 1\/4 V TALITA"},"content":{"rendered":"<p><b>DUCHA HIGI\u00caNICA SOFT C\/ GATILHO ABS BRANCO OU CROMADO \u2013\u00a0<\/b><b>PAREDE<\/b><\/p>\n<p>Marca: Talita Metais<\/p>\n<p>Modelo: SOFT<\/p>\n<p>Refer\u00eancia: 2930<\/p>\n<p>&nbsp;<\/p>\n<p>Consultar condi\u00e7\u00f5es valor parcelado.<\/p>\n","protected":false},"excerpt":{"rendered":"<p>DUCHA HIGI\u00caNICA SOFT C\/ GATILHO ABS BRANCO OU CROMADO \u2013\u00a0PAREDE Marca: Talita Metais Modelo: SOFT Refer\u00eancia: 2930 &nbsp; Consultar condi\u00e7\u00f5es&hellip;<\/p>\n","protected":false},"featured_media":697,"template":"","meta":[],"product_cat":[37],"product_tag":[],"_links":{"self":[{"href":"https:\/\/casamouraacabamentos.com.br\/index.php\/wp-json\/wp\/v2\/product\/696"}],"collection":[{"href":"https:\/\/casamouraacabamentos.com.br\/index.php\/wp-json\/wp\/v2\/product"}],"about":[{"href":"https:\/\/casamouraacabamentos.com.br\/index.php\/wp-json\/wp\/v2\/types\/product"}],"wp:featuredmedia":[{"embeddable":true,"href":"https:\/\/casamouraacabamentos.com.br\/index.php\/wp-json\/wp\/v2\/media\/697"}],"wp:attachment":[{"href":"https:\/\/casamouraacabamentos.com.br\/index.php\/wp-json\/wp\/v2\/media?parent=696"}],"wp:term":[{"taxonomy":"product_cat","embeddable":true,"href":"https:\/\/casamouraacabamentos.com.br\/index.php\/wp-json\/wp\/v2\/product_cat?post=696"},{"taxonomy":"product_tag","embeddable":true,"href":"https:\/\/casamouraacabamentos.com.br\/index.php\/wp-json\/wp\/v2\/product_tag?post=696"}],"curies":[{"name":"wp","href":"https:\/\/api.w.org\/{rel}","templated":true}]}}