{"id":715,"date":"2024-04-06T09:01:49","date_gmt":"2024-04-06T12:01:49","guid":{"rendered":"https:\/\/casamouraacabamentos.com.br\/?post_type=product&#038;p=715"},"modified":"2024-10-24T16:34:13","modified_gmt":"2024-10-24T19:34:13","slug":"acabamento-de-valvula-hydra-max-brancoc-deca","status":"publish","type":"product","link":"https:\/\/casamouraacabamentos.com.br\/index.php\/produto\/acabamento-de-valvula-hydra-max-brancoc-deca\/","title":{"rendered":"ACABAMENTO DE VALVULA HYDRA MAX BRANCOC DECA"},"content":{"rendered":"<p>A Hydra Max tem design consagrado. Qualidade e durabilidade que fazem do sistema Hydra a melhor op\u00e7\u00e3o para sua resid\u00eancia.<\/p>\n<p>&nbsp;<\/p>\n<p>&nbsp;<\/p>\n<p><strong>Consultar condi\u00e7\u00f5es valor parcelado.<\/strong><\/p>\n","protected":false},"excerpt":{"rendered":"<p>A Hydra Max tem design consagrado. Qualidade e durabilidade que fazem do sistema Hydra a melhor op\u00e7\u00e3o para sua resid\u00eancia.&hellip;<\/p>\n","protected":false},"featured_media":716,"template":"","meta":[],"product_cat":[18,20],"product_tag":[],"_links":{"self":[{"href":"https:\/\/casamouraacabamentos.com.br\/index.php\/wp-json\/wp\/v2\/product\/715"}],"collection":[{"href":"https:\/\/casamouraacabamentos.com.br\/index.php\/wp-json\/wp\/v2\/product"}],"about":[{"href":"https:\/\/casamouraacabamentos.com.br\/index.php\/wp-json\/wp\/v2\/types\/product"}],"wp:featuredmedia":[{"embeddable":true,"href":"https:\/\/casamouraacabamentos.com.br\/index.php\/wp-json\/wp\/v2\/media\/716"}],"wp:attachment":[{"href":"https:\/\/casamouraacabamentos.com.br\/index.php\/wp-json\/wp\/v2\/media?parent=715"}],"wp:term":[{"taxonomy":"product_cat","embeddable":true,"href":"https:\/\/casamouraacabamentos.com.br\/index.php\/wp-json\/wp\/v2\/product_cat?post=715"},{"taxonomy":"product_tag","embeddable":true,"href":"https:\/\/casamouraacabamentos.com.br\/index.php\/wp-json\/wp\/v2\/product_tag?post=715"}],"curies":[{"name":"wp","href":"https:\/\/api.w.org\/{rel}","templated":true}]}}