{"id":717,"date":"2024-04-06T09:04:47","date_gmt":"2024-04-06T12:04:47","guid":{"rendered":"https:\/\/casamouraacabamentos.com.br\/?post_type=product&#038;p=717"},"modified":"2024-10-24T16:34:41","modified_gmt":"2024-10-24T19:34:41","slug":"acabamento-de-valvula-hydra-max-cromado-deca","status":"publish","type":"product","link":"https:\/\/casamouraacabamentos.com.br\/index.php\/produto\/acabamento-de-valvula-hydra-max-cromado-deca\/","title":{"rendered":"ACABAMENTO DE VALVULA HYDRA MAX CROMADO DECA"},"content":{"rendered":"<p>A Hydra Max tem design consagrado. Qualidade e durabilidade que fazem do sistema Hydra a melhor op\u00e7\u00e3o para sua resid\u00eancia.<\/p>\n<p>&nbsp;<\/p>\n<p><strong>Consultar condi\u00e7\u00f5es valor parcelado.<\/strong><\/p>\n","protected":false},"excerpt":{"rendered":"<p>A Hydra Max tem design consagrado. Qualidade e durabilidade que fazem do sistema Hydra a melhor op\u00e7\u00e3o para sua resid\u00eancia.&hellip;<\/p>\n","protected":false},"featured_media":718,"template":"","meta":[],"product_cat":[18,20],"product_tag":[],"_links":{"self":[{"href":"https:\/\/casamouraacabamentos.com.br\/index.php\/wp-json\/wp\/v2\/product\/717"}],"collection":[{"href":"https:\/\/casamouraacabamentos.com.br\/index.php\/wp-json\/wp\/v2\/product"}],"about":[{"href":"https:\/\/casamouraacabamentos.com.br\/index.php\/wp-json\/wp\/v2\/types\/product"}],"wp:featuredmedia":[{"embeddable":true,"href":"https:\/\/casamouraacabamentos.com.br\/index.php\/wp-json\/wp\/v2\/media\/718"}],"wp:attachment":[{"href":"https:\/\/casamouraacabamentos.com.br\/index.php\/wp-json\/wp\/v2\/media?parent=717"}],"wp:term":[{"taxonomy":"product_cat","embeddable":true,"href":"https:\/\/casamouraacabamentos.com.br\/index.php\/wp-json\/wp\/v2\/product_cat?post=717"},{"taxonomy":"product_tag","embeddable":true,"href":"https:\/\/casamouraacabamentos.com.br\/index.php\/wp-json\/wp\/v2\/product_tag?post=717"}],"curies":[{"name":"wp","href":"https:\/\/api.w.org\/{rel}","templated":true}]}}