{"id":719,"date":"2024-04-06T09:19:01","date_gmt":"2024-04-06T12:19:01","guid":{"rendered":"https:\/\/casamouraacabamentos.com.br\/?post_type=product&#038;p=719"},"modified":"2024-12-27T09:34:55","modified_gmt":"2024-12-27T12:34:55","slug":"reparo-valvula-hydra-2550-deca","status":"publish","type":"product","link":"https:\/\/casamouraacabamentos.com.br\/index.php\/produto\/reparo-valvula-hydra-2550-deca\/","title":{"rendered":"REPARO VALVULA HYDRA 2550 DECA"},"content":{"rendered":"<p>O Reparo V\u00e1lvula Hydra Max Clean Pro Base 2550 Dn32\/dn40 \u00e9 perfeito para quem busca qualidade e efici\u00eancia em sua descarga. Com sua descarga simples e caixa de descarga embutida, ele garante um funcionamento suave e sem vazamentos. Seu modelo Hydra Max Clean Pro Base DN 32 1.\/4 &#8211; DN 40 1.1\/2 \u00e9 ideal para instala\u00e7\u00f5es de tamanho m\u00e9dio. Com a marca REPAR, voc\u00ea pode confiar na durabilidade e confiabilidade deste produto. N\u00e3o perca a oportunidade de adquirir o Reparo V\u00e1lvula Hydra Max Clean Pro Base 2550 Dn32\/dn40 e melhorar a experi\u00eancia em seu banheiro.<\/p>\n<p>&nbsp;<\/p>\n<p><strong>Consultar condi\u00e7\u00f5es valor parcelado.<\/strong><\/p>\n","protected":false},"excerpt":{"rendered":"<p>O Reparo V\u00e1lvula Hydra Max Clean Pro Base 2550 Dn32\/dn40 \u00e9 perfeito para quem busca qualidade e efici\u00eancia em sua&hellip;<\/p>\n","protected":false},"featured_media":720,"template":"","meta":[],"product_cat":[18,20],"product_tag":[],"_links":{"self":[{"href":"https:\/\/casamouraacabamentos.com.br\/index.php\/wp-json\/wp\/v2\/product\/719"}],"collection":[{"href":"https:\/\/casamouraacabamentos.com.br\/index.php\/wp-json\/wp\/v2\/product"}],"about":[{"href":"https:\/\/casamouraacabamentos.com.br\/index.php\/wp-json\/wp\/v2\/types\/product"}],"wp:featuredmedia":[{"embeddable":true,"href":"https:\/\/casamouraacabamentos.com.br\/index.php\/wp-json\/wp\/v2\/media\/720"}],"wp:attachment":[{"href":"https:\/\/casamouraacabamentos.com.br\/index.php\/wp-json\/wp\/v2\/media?parent=719"}],"wp:term":[{"taxonomy":"product_cat","embeddable":true,"href":"https:\/\/casamouraacabamentos.com.br\/index.php\/wp-json\/wp\/v2\/product_cat?post=719"},{"taxonomy":"product_tag","embeddable":true,"href":"https:\/\/casamouraacabamentos.com.br\/index.php\/wp-json\/wp\/v2\/product_tag?post=719"}],"curies":[{"name":"wp","href":"https:\/\/api.w.org\/{rel}","templated":true}]}}