{"id":721,"date":"2024-04-06T09:33:36","date_gmt":"2024-04-06T12:33:36","guid":{"rendered":"https:\/\/casamouraacabamentos.com.br\/?post_type=product&#038;p=721"},"modified":"2024-10-24T16:50:06","modified_gmt":"2024-10-24T19:50:06","slug":"barra-apoio-curva-40cm-minox","status":"publish","type":"product","link":"https:\/\/casamouraacabamentos.com.br\/index.php\/produto\/barra-apoio-curva-40cm-minox\/","title":{"rendered":"BARRA DE APOIO 40CM A\u00c7O INOX"},"content":{"rendered":"<p>Descri\u00e7\u00e3o: 100% A\u00e7o Inoxid\u00e1vel<\/p>\n<p>Tamanho 40 cm<\/p>\n<p>&nbsp;<\/p>\n<p><strong>Consultar condi\u00e7\u00f5es valor parcelado.<\/strong><\/p>\n","protected":false},"excerpt":{"rendered":"<p>Descri\u00e7\u00e3o: 100% A\u00e7o Inoxid\u00e1vel Tamanho 40 cm &nbsp; Consultar condi\u00e7\u00f5es valor parcelado.<\/p>\n","protected":false},"featured_media":723,"template":"","meta":[],"product_cat":[38],"product_tag":[],"_links":{"self":[{"href":"https:\/\/casamouraacabamentos.com.br\/index.php\/wp-json\/wp\/v2\/product\/721"}],"collection":[{"href":"https:\/\/casamouraacabamentos.com.br\/index.php\/wp-json\/wp\/v2\/product"}],"about":[{"href":"https:\/\/casamouraacabamentos.com.br\/index.php\/wp-json\/wp\/v2\/types\/product"}],"wp:featuredmedia":[{"embeddable":true,"href":"https:\/\/casamouraacabamentos.com.br\/index.php\/wp-json\/wp\/v2\/media\/723"}],"wp:attachment":[{"href":"https:\/\/casamouraacabamentos.com.br\/index.php\/wp-json\/wp\/v2\/media?parent=721"}],"wp:term":[{"taxonomy":"product_cat","embeddable":true,"href":"https:\/\/casamouraacabamentos.com.br\/index.php\/wp-json\/wp\/v2\/product_cat?post=721"},{"taxonomy":"product_tag","embeddable":true,"href":"https:\/\/casamouraacabamentos.com.br\/index.php\/wp-json\/wp\/v2\/product_tag?post=721"}],"curies":[{"name":"wp","href":"https:\/\/api.w.org\/{rel}","templated":true}]}}