{"id":728,"date":"2024-04-06T09:40:55","date_gmt":"2024-04-06T12:40:55","guid":{"rendered":"https:\/\/casamouraacabamentos.com.br\/?post_type=product&#038;p=728"},"modified":"2024-12-27T09:34:41","modified_gmt":"2024-12-27T12:34:41","slug":"grelha-inox-10x10-minox","status":"publish","type":"product","link":"https:\/\/casamouraacabamentos.com.br\/index.php\/produto\/grelha-inox-10x10-minox\/","title":{"rendered":"GRELHA INOX 10X10 MINOX"},"content":{"rendered":"<h2 class=\"descricao_completa\">Descri\u00e7\u00e3o t\u00e9cnica<\/h2>\n<p>Ralo\u00a0 Sem Caixilho tamanho 10 x 10 diam-100 % a\u00e7o inox-304<\/p>\n<p>medidas dadas em Cent\u00edmetros<\/p>\n<p>N\u00e3o usar produtos abrasivos<\/p>\n<div id=\"content\" class=\"site-content\">\n<div id=\"inner-content-wrapper\" class=\"container page-section\">\n<div id=\"primary\" class=\"content-area\">\n<p>&nbsp;<\/p>\n<div id=\"product-721\" class=\"product type-product post-721 status-publish first instock product_cat-barra-apoio has-post-thumbnail shipping-taxable product-type-simple\">\n<div class=\"woocommerce-tabs wc-tabs-wrapper\">\n<div id=\"tab-description\" class=\"woocommerce-Tabs-panel woocommerce-Tabs-panel--description panel entry-content wc-tab\" role=\"tabpanel\" aria-labelledby=\"tab-title-description\">\n<p><strong>Consultar condi\u00e7\u00f5es valor parcelado.<\/strong><\/p>\n<\/div>\n<\/div>\n<\/div>\n<p>&nbsp;<\/p>\n<\/div>\n<\/div>\n<\/div>\n<footer id=\"colophon\" class=\"site-footer\" role=\"contentinfo\">\n<div class=\"container\">\n<div class=\"row\">\n<div class=\"footer-widgets-container\">\n<aside class=\"widget-area\" role=\"complementary\" aria-label=\"Footer\">\n<div class=\"col-md-3 col-sm-3 footer-widget\">\n<section id=\"text-3\" class=\"widget widget_text\">\n<div class=\"textwidget\"><\/div>\n<\/section>\n<\/div>\n<\/aside>\n<\/div>\n<\/div>\n<\/div>\n<\/footer>\n<p>&nbsp;<\/p>\n","protected":false},"excerpt":{"rendered":"<p>Descri\u00e7\u00e3o t\u00e9cnica Ralo\u00a0 Sem Caixilho tamanho 10 x 10 diam-100 % a\u00e7o inox-304 medidas dadas em Cent\u00edmetros N\u00e3o usar produtos&hellip;<\/p>\n","protected":false},"featured_media":729,"template":"","meta":[],"product_cat":[39],"product_tag":[],"_links":{"self":[{"href":"https:\/\/casamouraacabamentos.com.br\/index.php\/wp-json\/wp\/v2\/product\/728"}],"collection":[{"href":"https:\/\/casamouraacabamentos.com.br\/index.php\/wp-json\/wp\/v2\/product"}],"about":[{"href":"https:\/\/casamouraacabamentos.com.br\/index.php\/wp-json\/wp\/v2\/types\/product"}],"wp:featuredmedia":[{"embeddable":true,"href":"https:\/\/casamouraacabamentos.com.br\/index.php\/wp-json\/wp\/v2\/media\/729"}],"wp:attachment":[{"href":"https:\/\/casamouraacabamentos.com.br\/index.php\/wp-json\/wp\/v2\/media?parent=728"}],"wp:term":[{"taxonomy":"product_cat","embeddable":true,"href":"https:\/\/casamouraacabamentos.com.br\/index.php\/wp-json\/wp\/v2\/product_cat?post=728"},{"taxonomy":"product_tag","embeddable":true,"href":"https:\/\/casamouraacabamentos.com.br\/index.php\/wp-json\/wp\/v2\/product_tag?post=728"}],"curies":[{"name":"wp","href":"https:\/\/api.w.org\/{rel}","templated":true}]}}